{"id":6920,"date":"2023-05-18T13:57:14","date_gmt":"2023-05-18T13:57:14","guid":{"rendered":"https:\/\/azamdarley.com\/?page_id=6920"},"modified":"2025-04-10T09:11:09","modified_gmt":"2025-04-10T09:11:09","slug":"legal-informations","status":"publish","type":"page","link":"https:\/\/azamdarley.com\/en\/legal-informations\/","title":{"rendered":"Legal informations"},"content":{"rendered":"[vc_row][vc_column width=&#8221;2\/3&#8243;][vc_column_text]<em>In compliance with Act No.2004-575 dated 21 June 2004 on digital economy reliance, related to providers of on-line communication services available to the public.<\/em><\/p>\n<h2>EDITION \u2013 PUBLISHING<\/h2>\n<p>Information related to this Website, available at&nbsp;: https:\/\/www.azamdarley.com (all rights reserved)&nbsp;:<\/p>\n<h2>HYPERLINKS<\/h2>\n<p>The Editor has no control over the content of other Websites or any other digital materials which are likely to be made available through hyperlinks from https:\/\/www.azamdarley.com.<\/p>\n<h2>COPYRIGHT AND INTELLECTUAL PROPERTY<\/h2>\n<p>This Website is protected by the law on intellectual property and is the exclusive property of AZAMDARLEY &amp; ASSOCIES. This Website, including its content, design, graphic design and architecture are intellectual works which are protected under the Intellectual Property Code. Reproduction, broadcast or copy of all or part of such components, without their author\u2019s or beneficiaries\u2019 prior consent is illicit. The same applies to modification, translation, decompilation, adaptation or arrangement through any available or future means.<\/p>\n<h2>EDITOR\u2019S LIABILITY<\/h2>\n<p>Users of this Website are responsible for taking all appropriate measures in order to protect their own data, software, applications or digital material against potential computer viruses (viruses, worms, spywares, Trojans, etc.) present on the Web.<\/p>\n<h2>WEBSITE MODIFICATION<\/h2>\n<p>AZAMDARLEY &amp; ASSOCIES reserves the right to modify, adapt, translate into any language or correct any component of this Website, at any time and without prior notice, and also reserves the right to make this Website unavailable for the duration of such modifications, adaptations, translations and corrections.[\/vc_column_text][\/vc_column][vc_column width=&#8221;1\/3&#8243;][vc_column_text]<strong>Editor:<\/strong><br \/>\nAZAMDARLEY &amp; ASSOCIES<br \/>\nSELARL registered with the Paris Bar<br \/>\n9 rue Beaujon<br \/>\n75008 Paris<br \/>\nT\u00e9l&nbsp;: 01.53.67.87.37<\/p>\n<p>Email&nbsp;: info@azamdarley.com<br \/>\n<strong><br \/>\nDirector of Publication:<\/strong><br \/>\nAntoine Azam-Darley<\/p>\n<p><strong>Author<\/strong>:<br \/>\nAzamDarley &amp; Associ\u00e9s<\/p>\n<p><strong>Design<\/strong>:<br \/>\nCl\u00e9mentine Mah\u00e9<\/p>\n<p><strong>Production &amp; development:<\/strong><br \/>\n<a href=\"https:\/\/lesideesnet.com\" target=\"_blank\" rel=\"noopener\">Les Id\u00e9es Net<\/a><\/p>\n<p><strong>Copyright (photos):<\/strong><br \/>\nFrank R\u00f6sner<\/p>\n<p><strong>Web hosting service provider:<\/strong> :<br \/>\nOVH<br \/>\nSi\u00e8ge social&nbsp;: 2 rue Kellermann<br \/>\n59100 ROUBAIX<br \/>\nwww.ovh.com[\/vc_column_text][\/vc_column][\/vc_row]","protected":false},"excerpt":{"rendered":"<p>[vc_row][vc_column width=&#8221;2\/3&#8243;][vc_column_text]In compliance with Act No.2004-575 dated 21 June 2004 on digital economy reliance, related to providers of on-line communication services available to the public. EDITION \u2013 PUBLISHING Information related to this Website, available at&nbsp;: https:\/\/www.azamdarley.com (all rights reserved)&nbsp;: HYPERLINKS The Editor has no control over the content of other Websites or any other digital&hellip;<\/p>","protected":false},"author":1,"featured_media":0,"parent":0,"menu_order":0,"comment_status":"closed","ping_status":"closed","template":"templates\/no-sidebar.php","meta":{"inline_featured_image":false,"_monsterinsights_skip_tracking":false,"_monsterinsights_sitenote_active":false,"_monsterinsights_sitenote_note":"","_monsterinsights_sitenote_category":0,"footnotes":""},"class_list":["post-6920","page","type-page","status-publish","hentry","entry","no-media"],"yoast_head":"<!-- This site is optimized with the Yoast SEO plugin v23.9 - https:\/\/yoast.com\/wordpress\/plugins\/seo\/ -->\n<title>Legal informations - Azam Darley Avocats<\/title>\n<meta name=\"robots\" content=\"index, follow, max-snippet:-1, max-image-preview:large, max-video-preview:-1\" \/>\n<link rel=\"canonical\" href=\"https:\/\/azamdarley.com\/en\/legal-informations\/\" \/>\n<meta property=\"og:locale\" content=\"en_US\" \/>\n<meta property=\"og:type\" content=\"article\" \/>\n<meta property=\"og:title\" content=\"Legal informations - Azam Darley Avocats\" \/>\n<meta property=\"og:description\" content=\"[vc_row][vc_column width=&#8221;2\/3&#8243;][vc_column_text]In compliance with Act No.2004-575 dated 21 June 2004 on digital economy reliance, related to providers of on-line communication services available to the public. EDITION \u2013 PUBLISHING Information related to this Website, available at&nbsp;: https:\/\/www.azamdarley.com (all rights reserved)&nbsp;: HYPERLINKS The Editor has no control over the content of other Websites or any other digital&hellip;\" \/>\n<meta property=\"og:url\" content=\"https:\/\/azamdarley.com\/en\/legal-informations\/\" \/>\n<meta property=\"og:site_name\" content=\"Azam Darley Avocats\" \/>\n<meta property=\"article:modified_time\" content=\"2025-04-10T09:11:09+00:00\" \/>\n<meta name=\"twitter:card\" content=\"summary_large_image\" \/>\n<meta name=\"twitter:label1\" content=\"Est. reading time\" \/>\n\t<meta name=\"twitter:data1\" content=\"2 minutes\" \/>\n<script type=\"application\/ld+json\" class=\"yoast-schema-graph\">{\"@context\":\"https:\/\/schema.org\",\"@graph\":[{\"@type\":\"WebPage\",\"@id\":\"https:\/\/azamdarley.com\/en\/legal-informations\/\",\"url\":\"https:\/\/azamdarley.com\/en\/legal-informations\/\",\"name\":\"Legal informations - Azam Darley Avocats\",\"isPartOf\":{\"@id\":\"https:\/\/azamdarley.com\/en\/#website\"},\"datePublished\":\"2023-05-18T13:57:14+00:00\",\"dateModified\":\"2025-04-10T09:11:09+00:00\",\"breadcrumb\":{\"@id\":\"https:\/\/azamdarley.com\/en\/legal-informations\/#breadcrumb\"},\"inLanguage\":\"en-US\",\"potentialAction\":[{\"@type\":\"ReadAction\",\"target\":[\"https:\/\/azamdarley.com\/en\/legal-informations\/\"]}]},{\"@type\":\"BreadcrumbList\",\"@id\":\"https:\/\/azamdarley.com\/en\/legal-informations\/#breadcrumb\",\"itemListElement\":[{\"@type\":\"ListItem\",\"position\":1,\"name\":\"Accueil\",\"item\":\"https:\/\/azamdarley.com\/en\/\"},{\"@type\":\"ListItem\",\"position\":2,\"name\":\"Legal informations\"}]},{\"@type\":\"WebSite\",\"@id\":\"https:\/\/azamdarley.com\/en\/#website\",\"url\":\"https:\/\/azamdarley.com\/en\/\",\"name\":\"Azam Darley avocats - Paris\",\"description\":\"Gamme compl\u00e8te de services juridiques \u00e0 ses clients en France et \u00e0 l\u2019international.\",\"publisher\":{\"@id\":\"https:\/\/azamdarley.com\/en\/#organization\"},\"potentialAction\":[{\"@type\":\"SearchAction\",\"target\":{\"@type\":\"EntryPoint\",\"urlTemplate\":\"https:\/\/azamdarley.com\/en\/?s={search_term_string}\"},\"query-input\":{\"@type\":\"PropertyValueSpecification\",\"valueRequired\":true,\"valueName\":\"search_term_string\"}}],\"inLanguage\":\"en-US\"},{\"@type\":\"Organization\",\"@id\":\"https:\/\/azamdarley.com\/en\/#organization\",\"name\":\"Azam Darley avocats - Paris\",\"url\":\"https:\/\/azamdarley.com\/en\/\",\"logo\":{\"@type\":\"ImageObject\",\"inLanguage\":\"en-US\",\"@id\":\"https:\/\/azamdarley.com\/en\/#\/schema\/logo\/image\/\",\"url\":\"https:\/\/azamdarley.com\/wp-content\/uploads\/2023\/12\/logo.svg\",\"contentUrl\":\"https:\/\/azamdarley.com\/wp-content\/uploads\/2023\/12\/logo.svg\",\"width\":152,\"height\":100,\"caption\":\"Azam Darley avocats - Paris\"},\"image\":{\"@id\":\"https:\/\/azamdarley.com\/en\/#\/schema\/logo\/image\/\"}}]}<\/script>\n<!-- \/ Yoast SEO plugin. -->","yoast_head_json":{"title":"Legal informations - Azam Darley Avocats","robots":{"index":"index","follow":"follow","max-snippet":"max-snippet:-1","max-image-preview":"max-image-preview:large","max-video-preview":"max-video-preview:-1"},"canonical":"https:\/\/azamdarley.com\/en\/legal-informations\/","og_locale":"en_US","og_type":"article","og_title":"Legal informations - Azam Darley Avocats","og_description":"[vc_row][vc_column width=&#8221;2\/3&#8243;][vc_column_text]In compliance with Act No.2004-575 dated 21 June 2004 on digital economy reliance, related to providers of on-line communication services available to the public. EDITION \u2013 PUBLISHING Information related to this Website, available at&nbsp;: https:\/\/www.azamdarley.com (all rights reserved)&nbsp;: HYPERLINKS The Editor has no control over the content of other Websites or any other digital&hellip;","og_url":"https:\/\/azamdarley.com\/en\/legal-informations\/","og_site_name":"Azam Darley Avocats","article_modified_time":"2025-04-10T09:11:09+00:00","twitter_card":"summary_large_image","twitter_misc":{"Est. reading time":"2 minutes"},"schema":{"@context":"https:\/\/schema.org","@graph":[{"@type":"WebPage","@id":"https:\/\/azamdarley.com\/en\/legal-informations\/","url":"https:\/\/azamdarley.com\/en\/legal-informations\/","name":"Legal informations - Azam Darley Avocats","isPartOf":{"@id":"https:\/\/azamdarley.com\/en\/#website"},"datePublished":"2023-05-18T13:57:14+00:00","dateModified":"2025-04-10T09:11:09+00:00","breadcrumb":{"@id":"https:\/\/azamdarley.com\/en\/legal-informations\/#breadcrumb"},"inLanguage":"en-US","potentialAction":[{"@type":"ReadAction","target":["https:\/\/azamdarley.com\/en\/legal-informations\/"]}]},{"@type":"BreadcrumbList","@id":"https:\/\/azamdarley.com\/en\/legal-informations\/#breadcrumb","itemListElement":[{"@type":"ListItem","position":1,"name":"Accueil","item":"https:\/\/azamdarley.com\/en\/"},{"@type":"ListItem","position":2,"name":"Legal informations"}]},{"@type":"WebSite","@id":"https:\/\/azamdarley.com\/en\/#website","url":"https:\/\/azamdarley.com\/en\/","name":"Azam Darley avocats - Paris","description":"Gamme compl\u00e8te de services juridiques \u00e0 ses clients en France et \u00e0 l\u2019international.","publisher":{"@id":"https:\/\/azamdarley.com\/en\/#organization"},"potentialAction":[{"@type":"SearchAction","target":{"@type":"EntryPoint","urlTemplate":"https:\/\/azamdarley.com\/en\/?s={search_term_string}"},"query-input":{"@type":"PropertyValueSpecification","valueRequired":true,"valueName":"search_term_string"}}],"inLanguage":"en-US"},{"@type":"Organization","@id":"https:\/\/azamdarley.com\/en\/#organization","name":"Azam Darley avocats - Paris","url":"https:\/\/azamdarley.com\/en\/","logo":{"@type":"ImageObject","inLanguage":"en-US","@id":"https:\/\/azamdarley.com\/en\/#\/schema\/logo\/image\/","url":"https:\/\/azamdarley.com\/wp-content\/uploads\/2023\/12\/logo.svg","contentUrl":"https:\/\/azamdarley.com\/wp-content\/uploads\/2023\/12\/logo.svg","width":152,"height":100,"caption":"Azam Darley avocats - Paris"},"image":{"@id":"https:\/\/azamdarley.com\/en\/#\/schema\/logo\/image\/"}}]}},"_links":{"self":[{"href":"https:\/\/azamdarley.com\/en\/wp-json\/wp\/v2\/pages\/6920","targetHints":{"allow":["GET"]}}],"collection":[{"href":"https:\/\/azamdarley.com\/en\/wp-json\/wp\/v2\/pages"}],"about":[{"href":"https:\/\/azamdarley.com\/en\/wp-json\/wp\/v2\/types\/page"}],"author":[{"embeddable":true,"href":"https:\/\/azamdarley.com\/en\/wp-json\/wp\/v2\/users\/1"}],"replies":[{"embeddable":true,"href":"https:\/\/azamdarley.com\/en\/wp-json\/wp\/v2\/comments?post=6920"}],"version-history":[{"count":7,"href":"https:\/\/azamdarley.com\/en\/wp-json\/wp\/v2\/pages\/6920\/revisions"}],"predecessor-version":[{"id":7205,"href":"https:\/\/azamdarley.com\/en\/wp-json\/wp\/v2\/pages\/6920\/revisions\/7205"}],"wp:attachment":[{"href":"https:\/\/azamdarley.com\/en\/wp-json\/wp\/v2\/media?parent=6920"}],"curies":[{"name":"wp","href":"https:\/\/api.w.org\/{rel}","templated":true}]}}