{"id":6582,"date":"2013-12-03T06:52:47","date_gmt":"2013-12-03T06:52:47","guid":{"rendered":"https:\/\/azamdarley.com\/?page_id=6582"},"modified":"2024-10-29T13:15:36","modified_gmt":"2024-10-29T13:15:36","slug":"contact","status":"publish","type":"page","link":"https:\/\/azamdarley.com\/en\/contact\/","title":{"rendered":"Contact"},"content":{"rendered":"[vc_row column_spacing=&#8221;50&#8243; bg_style=&#8221;stretch&#8221; css=&#8221;.vc_custom_1682780664510{padding-top: 50px&nbsp;!important;padding-bottom: 5px&nbsp;!important;padding-left: 50px&nbsp;!important;background-image: url(https:\/\/azamdarley.com\/wp-content\/uploads\/2022\/10\/slash.png?id=5592)&nbsp;!important;background-position: 0 0&nbsp;!important;background-repeat: no-repeat&nbsp;!important;}&#8221; el_id=&#8221;creer&#8221; visibility=&#8221;hidden-phone&#8221;][vc_column css=&#8221;.vc_custom_1670333882910{padding-left: 150px&nbsp;!important;}&#8221;]<h2 class=\"vcex-heading vcex-module wpex-text-2xl wpex-font-normal wpex-m-auto wpex-max-w-100 vcex-heading-plain wpex-block wpex-text-left\" style=\"color:#003a5c;font-family:&#039;Boogy&#039;,serif;font-size:60px;font-weight:400;\"><span class=\"vcex-heading-inner wpex-inline-block wpex-clr\">Contact<\/span><\/h2><div class=\"vcex-spacing wpex-w-100 wpex-clear\" style=\"height:15px;\"><\/div>[vc_column_text width=&#8221;750&#8243; font_size=&#8221;14px&#8221; text_align=&#8221;left&#8221;]\n<p style=\"text-align: left;\">If you have any questions or require information, please do not hesitate to contact us.<\/p>\n[\/vc_column_text][\/vc_column][\/vc_row][vc_row bg_style=&#8221;stretch&#8221; css=&#8221;.vc_custom_1682780912120{padding-top: 50px&nbsp;!important;padding-bottom: 5px&nbsp;!important;background-image: url(https:\/\/azamdarley.com\/wp-content\/uploads\/2022\/10\/slash.png?id=5592)&nbsp;!important;background-position: 0 0&nbsp;!important;background-repeat: no-repeat&nbsp;!important;}&#8221; visibility=&#8221;visible-phone&#8221;][vc_column]<h2 class=\"vcex-heading vcex-module wpex-text-2xl wpex-font-normal wpex-m-auto wpex-max-w-100 vcex-heading-plain wpex-block wpex-text-left\" style=\"color:#003a5c;font-family:&#039;Boogy&#039;,serif;font-size:60px;font-weight:400;\"><span class=\"vcex-heading-inner wpex-inline-block wpex-clr\">Contact<\/span><\/h2><div class=\"vcex-spacing wpex-w-100 wpex-clear\" style=\"height:15px;\"><\/div>[vc_column_text width=&#8221;750&#8243; font_size=&#8221;14px&#8221; text_align=&#8221;left&#8221;]\n<p style=\"text-align: left;\">If you have any questions or require information, please do not hesitate to contact us.<\/p>\n[\/vc_column_text][\/vc_column][\/vc_row][vc_row column_spacing=&#8221;60&#8243; bg_style=&#8221;stretch&#8221; css=&#8221;.vc_custom_1489785485029{padding-top: 50px&nbsp;!important;padding-bottom: 10px&nbsp;!important;}&#8221;][vc_column width=&#8221;1\/4&#8243;]<div class=\"vcex-spacing wpex-w-100 wpex-clear\" style=\"height:15px;\"><\/div>[vc_column_text]\n<p style=\"text-align: center;\">Cabinet d&#8217;avocats AzamDarley &amp; Associ\u00e9s<br \/>\n9 rue Beaujon<br \/>\n75008 Paris &#8211; France<\/p>\n[\/vc_column_text]<div class=\"vcex-module vcex-divider vcex-divider-solid wpex-max-w-100 wpex-mx-auto wpex-block wpex-h-0 wpex-border-b wpex-border-solid wpex-border-main\" style=\"margin-top:20px;margin-bottom:20px;\"><\/div><div class=\"vcex-module vcex-list_item wpex-max-w-100 wpex-clr wpex-mb-5 textcenter wpex-text-center\"><a  href=\"tel:+33153678737\" target=\"_blank\" rel=\"noopener noreferrer\" class=\"vcex-list-item-link wpex-no-underline\"><div class=\"vcex-list-item-inner wpex-inline-flex wpex-flex-no-wrap\"><div class=\"vcex-list-item-icon wpex-mr-10\"><div class=\"vcex-icon-wrap wpex-inline-flex wpex-justify-center wpex-items-center\" style=\"color:#e1261d;\"><span class=\"ticon ticon-phone\" aria-hidden=\"true\"><\/span><\/div><\/div><div class=\"vcex-list-item-text vcex-content wpex-flex-grow\">+33 (0)1 53 67 87 37<\/div><\/div><\/a><\/div>[\/vc_column][vc_column width=&#8221;3\/4&#8243;][vc_column_text]<div class=\"forminator-ui forminator-custom-form forminator-custom-form-6585 forminator-design--material  forminator_ajax\" data-forminator-render=\"0\" data-form=\"forminator-module-6585\" data-uid=\"69e780b0371e9\"><br\/><\/div><form\n\t\t\t\tid=\"forminator-module-6585\"\n\t\t\t\tclass=\"forminator-ui forminator-custom-form forminator-custom-form-6585 forminator-design--material  forminator_ajax\"\n\t\t\t\tmethod=\"post\"\n\t\t\t\tdata-forminator-render=\"0\"\n\t\t\t\tdata-form-id=\"6585\"\n\t\t\t\t\n\t\t\t\tdata-design=\"material\"\n\t\t\t\t\n\t\t\t\t\n\t\t\t\t\n\t\t\t\tdata-grid=\"open\"\n\t\t\t\t\n\t\t\t\t\n\t\t\t\tstyle=\"display: none;\"\n\t\t\t\t\n\t\t\t\tdata-uid=\"69e780b0371e9\"\n\t\t\t><div role=\"alert\" aria-live=\"polite\" class=\"forminator-response-message forminator-error\" aria-hidden=\"true\"><\/div><div class=\"forminator-row\"><div id=\"name-1\" class=\"forminator-field-name forminator-col forminator-col-6 \"><div class=\"forminator-field\"><label for=\"forminator-field-name-1_69e780b0371e9\" id=\"forminator-field-name-1_69e780b0371e9-label\" class=\"forminator-label\">Last name <span class=\"forminator-required\">*<\/span><\/label><input type=\"text\" name=\"name-1\" value=\"\" placeholder=\"\" id=\"forminator-field-name-1_69e780b0371e9\" class=\"forminator-input forminator-name--field\" aria-required=\"true\" \/><\/div><\/div><div id=\"email-1\" class=\"forminator-field-email forminator-col forminator-col-6 \"><div class=\"forminator-field\"><label for=\"forminator-field-email-1_69e780b0371e9\" id=\"forminator-field-email-1_69e780b0371e9-label\" class=\"forminator-label\">Email <span class=\"forminator-required\">*<\/span><\/label><input type=\"email\" name=\"email-1\" value=\"\" placeholder=\"\" id=\"forminator-field-email-1_69e780b0371e9\" class=\"forminator-input forminator-email--field\" data-required=\"1\" aria-required=\"true\" \/><\/div><\/div><\/div><div class=\"forminator-row\"><div id=\"textarea-1\" class=\"forminator-field-textarea forminator-col forminator-col-12 \"><div class=\"forminator-field\"><label for=\"forminator-field-textarea-1_69e780b0371e9\" id=\"forminator-field-textarea-1_69e780b0371e9-label\" class=\"forminator-label\">Message <span class=\"forminator-required\">*<\/span><\/label><textarea name=\"textarea-1\" placeholder=\"\" id=\"forminator-field-textarea-1_69e780b0371e9\" class=\"forminator-textarea\" rows=\"6\" style=\"min-height:60px;\" ><\/textarea><\/div><\/div><\/div><div class=\"forminator-row\"><div id=\"consent-1\" class=\"forminator-field-consent forminator-col forminator-col-12 \"><div class=\"forminator-field\"><label for=\"forminator-field-consent-1_69e780b0371e9\" id=\"forminator-field-consent-1_69e780b0371e9-label\" class=\"forminator-label\">Consent <span class=\"forminator-required\">*<\/span><\/label><div class=\"forminator-checkbox__wrapper\"><label for=\"forminator-field-consent-1_69e780b0371e9\" id=\"forminator-field-consent-1_69e780b0371e9__label\" class=\"forminator-checkbox forminator-consent\"><input type=\"checkbox\" name=\"consent-1\" id=\"forminator-field-consent-1_69e780b0371e9\" value=\"checked\" aria-labelledby=\"forminator-field-consent-1_69e780b0371e9-label\" aria-describedby=\"forminator-field-consent-1_69e780b0371e9__description\" data-required=\"true\" aria-required=\"true\" \/><span class=\"forminator-checkbox-box\" aria-hidden=\"true\"><\/span><\/label><div id=\"forminator-field-consent-1_69e780b0371e9__description\" class=\"forminator-checkbox__label forminator-consent__label\"><p><span data-name=\"your-consent\" class=\"wpcf7-form-control-wrap\"><span class=\"wpcf7-form-control wpcf7-acceptance\"><span class=\"wpcf7-list-item\"><label><span class=\"wpcf7-list-item-label\"> The data entered on this form is required to process your request. By submitting this form, you agree that this information may be used by Azam Darley &amp; Associ\u00e9s to contact you regarding your request and the commercial relationship that may result from it. <br>By checking this box, I accept the Privacy Policy of this site.<\/span><\/label><\/span><\/span><\/span><\/p><\/div><\/div><\/div><\/div><\/div><div class=\"forminator-row\"><div id=\"captcha-1\" class=\"forminator-field-captcha forminator-col forminator-col-12 \"><div class=\"forminator-captcha-left forminator-g-recaptcha recaptcha-invisible\" data-theme=\"light\" data-badge=\"bottomright\" data-sitekey=\"6Lf4Bl0jAAAAADYSM7YoUdKFZXmvBQWSkPF6R8_2\" data-size=\"invisible\"><\/div> <\/div><\/div><input type=\"hidden\" name=\"referer_url\" value=\"\" \/><div class=\"forminator-row forminator-row-last\"><div class=\"forminator-col\"><div class=\"forminator-field\"><button class=\"forminator-button forminator-button-submit\"><span>Send<\/span><span aria-hidden=\"true\"><\/span><\/button><\/div><\/div><\/div><input type=\"hidden\" id=\"forminator_nonce\" name=\"forminator_nonce\" value=\"82fff06fff\" \/><input type=\"hidden\" name=\"_wp_http_referer\" value=\"\/en\/wp-json\/wp\/v2\/pages\/6582\" \/><input type=\"hidden\" name=\"form_id\" value=\"6585\"><input type=\"hidden\" name=\"page_id\" value=\"6582\"><input type=\"hidden\" name=\"form_type\" value=\"default\"><input type=\"hidden\" name=\"current_url\" value=\"https:\/\/azamdarley.com\/en\/contact\/\"><input type=\"hidden\" name=\"render_id\" value=\"0\"><input type=\"hidden\" name=\"action\" value=\"forminator_submit_form_custom-forms\"><\/form>[\/vc_column_text][\/vc_column][\/vc_row][vc_row full_width=&#8221;stretch_row_content_no_spaces&#8221;][vc_column][vc_gmaps link=&#8221;#E-8_JTNDaWZyYW1lJTIwc3JjJTNEJTIyaHR0cHMlM0ElMkYlMkZ3d3cuZ29vZ2xlLmNvbSUyRm1hcHMlMkZlbWJlZCUzRnBiJTNEJTIxMW0xOCUyMTFtMTIlMjExbTMlMjExZDI2MjQuMTIwNTI0NTY4NTgyNCUyMTJkMi4yOTY1OTczNzYxMjk0ODQ3JTIxM2Q0OC44NzQ5Nzg4OTk1MzkzNCUyMTJtMyUyMTFmMCUyMTJmMCUyMTNmMCUyMTNtMiUyMTFpMTAyNCUyMTJpNzY4JTIxNGYxMy4xJTIxM20zJTIxMW0yJTIxMXMweDQ3ZTY2ZmVhZjZmNjc4NWYlMjUzQTB4NDFiNGE4ZGJmYjlmYzQ1YyUyMTJzOSUyNTIwUnVlJTI1MjBCZWF1am9uJTI1MkMlMjUyMDc1MDA4JTI1MjBQYXJpcyUyMTVlMCUyMTNtMiUyMTFzZnIlMjEyc2ZyJTIxNHYxNzMwMjA3MzQ2OTQ4JTIxNW0yJTIxMXNmciUyMTJzZnIlMjIlMjB3aWR0aCUzRCUyMjEwMCUyNSUyMiUyMGhlaWdodCUzRCUyMjQ1MCUyMiUyMHN0eWxlJTNEJTIyYm9yZGVyJTNBMCUzQiUyMiUyMGFsbG93ZnVsbHNjcmVlbiUzRCUyMiUyMiUyMGxvYWRpbmclM0QlMjJsYXp5JTIyJTIwcmVmZXJyZXJwb2xpY3klM0QlMjJuby1yZWZlcnJlci13aGVuLWRvd25ncmFkZSUyMiUzRSUzQyUyRmlmcmFtZSUzRQ==&#8221; size=&#8221;450&#8243; type=&#8221;m&#8221; zoom=&#8221;14&#8243;][\/vc_column][\/vc_row]","protected":false},"excerpt":{"rendered":"<p>[vc_row column_spacing=&#8221;50&#8243; bg_style=&#8221;stretch&#8221; css=&#8221;.vc_custom_1682780664510{padding-top: 50px&nbsp;!important;padding-bottom: 5px&nbsp;!important;padding-left: 50px&nbsp;!important;background-image: url(https:\/\/azamdarley.com\/wp-content\/uploads\/2022\/10\/slash.png?id=5592)&nbsp;!important;background-position: 0 0&nbsp;!important;background-repeat: no-repeat&nbsp;!important;}&#8221; el_id=&#8221;creer&#8221; visibility=&#8221;hidden-phone&#8221;][vc_column css=&#8221;.vc_custom_1670333882910{padding-left: 150px&nbsp;!important;}&#8221;][vc_column_text width=&#8221;750&#8243; font_size=&#8221;14px&#8221; text_align=&#8221;left&#8221;] If you have any questions or require information, please do not hesitate to contact us. [\/vc_column_text][\/vc_column][\/vc_row][vc_row bg_style=&#8221;stretch&#8221; css=&#8221;.vc_custom_1682780912120{padding-top: 50px&nbsp;!important;padding-bottom: 5px&nbsp;!important;background-image: url(https:\/\/azamdarley.com\/wp-content\/uploads\/2022\/10\/slash.png?id=5592)&nbsp;!important;background-position: 0 0&nbsp;!important;background-repeat: no-repeat&nbsp;!important;}&#8221; visibility=&#8221;visible-phone&#8221;][vc_column][vc_column_text width=&#8221;750&#8243; font_size=&#8221;14px&#8221; text_align=&#8221;left&#8221;] If you have any questions or require information, please&hellip;<\/p>","protected":false},"author":1,"featured_media":0,"parent":0,"menu_order":0,"comment_status":"closed","ping_status":"closed","template":"","meta":{"inline_featured_image":false,"_monsterinsights_skip_tracking":false,"_monsterinsights_sitenote_active":false,"_monsterinsights_sitenote_note":"","_monsterinsights_sitenote_category":0,"footnotes":""},"class_list":["post-6582","page","type-page","status-publish","hentry","entry","no-media"],"yoast_head":"<!-- This site is optimized with the Yoast SEO plugin v23.9 - https:\/\/yoast.com\/wordpress\/plugins\/seo\/ -->\n<title>Contact - Azam Darley Avocats<\/title>\n<meta name=\"robots\" content=\"index, follow, max-snippet:-1, max-image-preview:large, max-video-preview:-1\" \/>\n<link rel=\"canonical\" href=\"https:\/\/azamdarley.com\/en\/contact\/\" \/>\n<meta property=\"og:locale\" content=\"en_US\" \/>\n<meta property=\"og:type\" content=\"article\" \/>\n<meta property=\"og:title\" content=\"Contact - Azam Darley Avocats\" \/>\n<meta property=\"og:description\" content=\"[vc_row column_spacing=&#8221;50&#8243; bg_style=&#8221;stretch&#8221; css=&#8221;.vc_custom_1682780664510{padding-top: 50px&nbsp;!important;padding-bottom: 5px&nbsp;!important;padding-left: 50px&nbsp;!important;background-image: url(https:\/\/azamdarley.com\/wp-content\/uploads\/2022\/10\/slash.png?id=5592)&nbsp;!important;background-position: 0 0&nbsp;!important;background-repeat: no-repeat&nbsp;!important;}&#8221; el_id=&#8221;creer&#8221; visibility=&#8221;hidden-phone&#8221;][vc_column css=&#8221;.vc_custom_1670333882910{padding-left: 150px&nbsp;!important;}&#8221;][vc_column_text width=&#8221;750&#8243; font_size=&#8221;14px&#8221; text_align=&#8221;left&#8221;] If you have any questions or require information, please do not hesitate to contact us. [\/vc_column_text][\/vc_column][\/vc_row][vc_row bg_style=&#8221;stretch&#8221; css=&#8221;.vc_custom_1682780912120{padding-top: 50px&nbsp;!important;padding-bottom: 5px&nbsp;!important;background-image: url(https:\/\/azamdarley.com\/wp-content\/uploads\/2022\/10\/slash.png?id=5592)&nbsp;!important;background-position: 0 0&nbsp;!important;background-repeat: no-repeat&nbsp;!important;}&#8221; visibility=&#8221;visible-phone&#8221;][vc_column][vc_column_text width=&#8221;750&#8243; font_size=&#8221;14px&#8221; text_align=&#8221;left&#8221;] If you have any questions or require information, please&hellip;\" \/>\n<meta property=\"og:url\" content=\"https:\/\/azamdarley.com\/en\/contact\/\" \/>\n<meta property=\"og:site_name\" content=\"Azam Darley Avocats\" \/>\n<meta property=\"article:modified_time\" content=\"2024-10-29T13:15:36+00:00\" \/>\n<meta name=\"twitter:card\" content=\"summary_large_image\" \/>\n<meta name=\"twitter:label1\" content=\"Est. reading time\" \/>\n\t<meta name=\"twitter:data1\" content=\"1 minute\" \/>\n<script type=\"application\/ld+json\" class=\"yoast-schema-graph\">{\"@context\":\"https:\/\/schema.org\",\"@graph\":[{\"@type\":\"WebPage\",\"@id\":\"https:\/\/azamdarley.com\/en\/contact\/\",\"url\":\"https:\/\/azamdarley.com\/en\/contact\/\",\"name\":\"Contact - Azam Darley Avocats\",\"isPartOf\":{\"@id\":\"https:\/\/azamdarley.com\/en\/#website\"},\"datePublished\":\"2013-12-03T06:52:47+00:00\",\"dateModified\":\"2024-10-29T13:15:36+00:00\",\"breadcrumb\":{\"@id\":\"https:\/\/azamdarley.com\/en\/contact\/#breadcrumb\"},\"inLanguage\":\"en-US\",\"potentialAction\":[{\"@type\":\"ReadAction\",\"target\":[\"https:\/\/azamdarley.com\/en\/contact\/\"]}]},{\"@type\":\"BreadcrumbList\",\"@id\":\"https:\/\/azamdarley.com\/en\/contact\/#breadcrumb\",\"itemListElement\":[{\"@type\":\"ListItem\",\"position\":1,\"name\":\"Accueil\",\"item\":\"https:\/\/azamdarley.com\/en\/\"},{\"@type\":\"ListItem\",\"position\":2,\"name\":\"Contact\"}]},{\"@type\":\"WebSite\",\"@id\":\"https:\/\/azamdarley.com\/en\/#website\",\"url\":\"https:\/\/azamdarley.com\/en\/\",\"name\":\"Azam Darley avocats - Paris\",\"description\":\"Gamme compl\u00e8te de services juridiques \u00e0 ses clients en France et \u00e0 l\u2019international.\",\"publisher\":{\"@id\":\"https:\/\/azamdarley.com\/en\/#organization\"},\"potentialAction\":[{\"@type\":\"SearchAction\",\"target\":{\"@type\":\"EntryPoint\",\"urlTemplate\":\"https:\/\/azamdarley.com\/en\/?s={search_term_string}\"},\"query-input\":{\"@type\":\"PropertyValueSpecification\",\"valueRequired\":true,\"valueName\":\"search_term_string\"}}],\"inLanguage\":\"en-US\"},{\"@type\":\"Organization\",\"@id\":\"https:\/\/azamdarley.com\/en\/#organization\",\"name\":\"Azam Darley avocats - Paris\",\"url\":\"https:\/\/azamdarley.com\/en\/\",\"logo\":{\"@type\":\"ImageObject\",\"inLanguage\":\"en-US\",\"@id\":\"https:\/\/azamdarley.com\/en\/#\/schema\/logo\/image\/\",\"url\":\"https:\/\/azamdarley.com\/wp-content\/uploads\/2023\/12\/logo.svg\",\"contentUrl\":\"https:\/\/azamdarley.com\/wp-content\/uploads\/2023\/12\/logo.svg\",\"width\":152,\"height\":100,\"caption\":\"Azam Darley avocats - Paris\"},\"image\":{\"@id\":\"https:\/\/azamdarley.com\/en\/#\/schema\/logo\/image\/\"}}]}<\/script>\n<!-- \/ Yoast SEO plugin. -->","yoast_head_json":{"title":"Contact - Azam Darley Avocats","robots":{"index":"index","follow":"follow","max-snippet":"max-snippet:-1","max-image-preview":"max-image-preview:large","max-video-preview":"max-video-preview:-1"},"canonical":"https:\/\/azamdarley.com\/en\/contact\/","og_locale":"en_US","og_type":"article","og_title":"Contact - Azam Darley Avocats","og_description":"[vc_row column_spacing=&#8221;50&#8243; bg_style=&#8221;stretch&#8221; css=&#8221;.vc_custom_1682780664510{padding-top: 50px&nbsp;!important;padding-bottom: 5px&nbsp;!important;padding-left: 50px&nbsp;!important;background-image: url(https:\/\/azamdarley.com\/wp-content\/uploads\/2022\/10\/slash.png?id=5592)&nbsp;!important;background-position: 0 0&nbsp;!important;background-repeat: no-repeat&nbsp;!important;}&#8221; el_id=&#8221;creer&#8221; visibility=&#8221;hidden-phone&#8221;][vc_column css=&#8221;.vc_custom_1670333882910{padding-left: 150px&nbsp;!important;}&#8221;][vc_column_text width=&#8221;750&#8243; font_size=&#8221;14px&#8221; text_align=&#8221;left&#8221;] If you have any questions or require information, please do not hesitate to contact us. [\/vc_column_text][\/vc_column][\/vc_row][vc_row bg_style=&#8221;stretch&#8221; css=&#8221;.vc_custom_1682780912120{padding-top: 50px&nbsp;!important;padding-bottom: 5px&nbsp;!important;background-image: url(https:\/\/azamdarley.com\/wp-content\/uploads\/2022\/10\/slash.png?id=5592)&nbsp;!important;background-position: 0 0&nbsp;!important;background-repeat: no-repeat&nbsp;!important;}&#8221; visibility=&#8221;visible-phone&#8221;][vc_column][vc_column_text width=&#8221;750&#8243; font_size=&#8221;14px&#8221; text_align=&#8221;left&#8221;] If you have any questions or require information, please&hellip;","og_url":"https:\/\/azamdarley.com\/en\/contact\/","og_site_name":"Azam Darley Avocats","article_modified_time":"2024-10-29T13:15:36+00:00","twitter_card":"summary_large_image","twitter_misc":{"Est. reading time":"1 minute"},"schema":{"@context":"https:\/\/schema.org","@graph":[{"@type":"WebPage","@id":"https:\/\/azamdarley.com\/en\/contact\/","url":"https:\/\/azamdarley.com\/en\/contact\/","name":"Contact - Azam Darley Avocats","isPartOf":{"@id":"https:\/\/azamdarley.com\/en\/#website"},"datePublished":"2013-12-03T06:52:47+00:00","dateModified":"2024-10-29T13:15:36+00:00","breadcrumb":{"@id":"https:\/\/azamdarley.com\/en\/contact\/#breadcrumb"},"inLanguage":"en-US","potentialAction":[{"@type":"ReadAction","target":["https:\/\/azamdarley.com\/en\/contact\/"]}]},{"@type":"BreadcrumbList","@id":"https:\/\/azamdarley.com\/en\/contact\/#breadcrumb","itemListElement":[{"@type":"ListItem","position":1,"name":"Accueil","item":"https:\/\/azamdarley.com\/en\/"},{"@type":"ListItem","position":2,"name":"Contact"}]},{"@type":"WebSite","@id":"https:\/\/azamdarley.com\/en\/#website","url":"https:\/\/azamdarley.com\/en\/","name":"Azam Darley avocats - Paris","description":"Gamme compl\u00e8te de services juridiques \u00e0 ses clients en France et \u00e0 l\u2019international.","publisher":{"@id":"https:\/\/azamdarley.com\/en\/#organization"},"potentialAction":[{"@type":"SearchAction","target":{"@type":"EntryPoint","urlTemplate":"https:\/\/azamdarley.com\/en\/?s={search_term_string}"},"query-input":{"@type":"PropertyValueSpecification","valueRequired":true,"valueName":"search_term_string"}}],"inLanguage":"en-US"},{"@type":"Organization","@id":"https:\/\/azamdarley.com\/en\/#organization","name":"Azam Darley avocats - Paris","url":"https:\/\/azamdarley.com\/en\/","logo":{"@type":"ImageObject","inLanguage":"en-US","@id":"https:\/\/azamdarley.com\/en\/#\/schema\/logo\/image\/","url":"https:\/\/azamdarley.com\/wp-content\/uploads\/2023\/12\/logo.svg","contentUrl":"https:\/\/azamdarley.com\/wp-content\/uploads\/2023\/12\/logo.svg","width":152,"height":100,"caption":"Azam Darley avocats - Paris"},"image":{"@id":"https:\/\/azamdarley.com\/en\/#\/schema\/logo\/image\/"}}]}},"_links":{"self":[{"href":"https:\/\/azamdarley.com\/en\/wp-json\/wp\/v2\/pages\/6582","targetHints":{"allow":["GET"]}}],"collection":[{"href":"https:\/\/azamdarley.com\/en\/wp-json\/wp\/v2\/pages"}],"about":[{"href":"https:\/\/azamdarley.com\/en\/wp-json\/wp\/v2\/types\/page"}],"author":[{"embeddable":true,"href":"https:\/\/azamdarley.com\/en\/wp-json\/wp\/v2\/users\/1"}],"replies":[{"embeddable":true,"href":"https:\/\/azamdarley.com\/en\/wp-json\/wp\/v2\/comments?post=6582"}],"version-history":[{"count":4,"href":"https:\/\/azamdarley.com\/en\/wp-json\/wp\/v2\/pages\/6582\/revisions"}],"predecessor-version":[{"id":7125,"href":"https:\/\/azamdarley.com\/en\/wp-json\/wp\/v2\/pages\/6582\/revisions\/7125"}],"wp:attachment":[{"href":"https:\/\/azamdarley.com\/en\/wp-json\/wp\/v2\/media?parent=6582"}],"curies":[{"name":"wp","href":"https:\/\/api.w.org\/{rel}","templated":true}]}}