{"id":6554,"date":"2022-11-13T20:06:07","date_gmt":"2022-11-13T20:06:07","guid":{"rendered":"https:\/\/azamdarley.com\/?page_id=6554"},"modified":"2023-11-14T10:00:54","modified_gmt":"2023-11-14T10:00:54","slug":"litigation-dispute-resolution","status":"publish","type":"page","link":"https:\/\/azamdarley.com\/en\/litigation-dispute-resolution\/","title":{"rendered":"Litigation \/ Dispute resolution"},"content":{"rendered":"[vc_row full_width=&#8221;stretch_row_content&#8221; css=&#8221;.vc_custom_1699956050832{margin-bottom: 0px&nbsp;!important;padding-top: 220px&nbsp;!important;padding-bottom: 200px&nbsp;!important;background-image: url(https:\/\/azamdarley.com\/wp-content\/uploads\/2022\/11\/avocat-antoine-azam-darley-paris.jpg?id=5829)&nbsp;!important;background-position: center&nbsp;!important;background-repeat: no-repeat&nbsp;!important;background-size: cover&nbsp;!important;}&#8221;][vc_column][\/vc_column][\/vc_row][vc_row full_width=&#8221;stretch_row&#8221; remove_bottom_col_margin=&#8221;true&#8221; bg_style=&#8221;stretch&#8221; css=&#8221;.vc_custom_1682779444560{border-top-width: 1px&nbsp;!important;border-bottom-width: 1px&nbsp;!important;padding-top: 60px&nbsp;!important;padding-bottom: 60px&nbsp;!important;background-color: #003a5c&nbsp;!important;border-top-color: #ededed&nbsp;!important;border-top-style: solid&nbsp;!important;border-bottom-color: #ededed&nbsp;!important;border-bottom-style: solid&nbsp;!important;}&#8221; el_id=&#8221;creer&#8221; visibility=&#8221;hidden-phone&#8221;][vc_column][vc_column_text color=&#8221;#ffffff&#8221; css=&#8221;.vc_custom_1682946031830{margin-bottom: 25px&nbsp;!important;}&#8221; font_family=&#8221;Boogy&#8221;]\n<p style=\"text-align: center;\">CREATE, DEVELOP, <span style=\"color: #e1211d;\"><strong>RESOLVE<\/strong><\/span><\/p>\n[\/vc_column_text][vc_row_inner][vc_column_inner width=&#8221;2\/3&#8243; offset=&#8221;vc_hidden-xs&#8221; css=&#8221;.vc_custom_1666083487888{padding-top: 120px&nbsp;!important;padding-left: 150px&nbsp;!important;background-image: url(https:\/\/azamdarley.com\/wp-content\/uploads\/2022\/10\/slashG.png?id=5598)&nbsp;!important;background-position: 0 0&nbsp;!important;background-repeat: no-repeat&nbsp;!important;}&#8221;]<h1 class=\"vcex-heading vcex-module wpex-text-2xl wpex-font-normal wpex-m-auto wpex-max-w-100 vcex-heading-plain wpex-block\" style=\"color:#ffffff;font-family:&#039;Boogy&#039;,serif;font-size:60px;\"><span class=\"vcex-heading-inner wpex-inline-block wpex-clr\">Litigation \/ Dispute resolution<\/span><\/h1>[vc_column_text color=&#8221;#ffffff&#8221;]Our firm has significant litigation experience from small cases to very complex trials. Our courtroom experience, combined with our practical and technical know-how in case management enables us to implement creative solutions, which are needed to achieve favourable results in high-stakes cases.[\/vc_column_text][\/vc_column_inner][vc_column_inner width=&#8221;1\/3&#8243;][vc_empty_space height=&#8221;250&#8243;][vc_column_text color=&#8221;#ffffff&#8221; css=&#8221;.vc_custom_1682946082703{margin-left: 75px&nbsp;!important;}&#8221; font_family=&#8221;Boogy&#8221;]AREAS OF EXPERTISE[\/vc_column_text][vc_empty_space height=&#8221;10&#8243;][vc_wp_custommenu nav_menu=&#8221;93&#8243; el_class=&#8221;menuinterne&#8221;][vc_empty_space height=&#8221;20&#8243;][vc_wp_custommenu nav_menu=&#8221;94&#8243; el_class=&#8221;menuinterne&#8221;][vc_empty_space height=&#8221;20&#8243;][vc_wp_custommenu nav_menu=&#8221;95&#8243; el_class=&#8221;menuinterne&#8221;][\/vc_column_inner][\/vc_row_inner][\/vc_column][\/vc_row][vc_row full_width=&#8221;stretch_row&#8221; remove_bottom_col_margin=&#8221;true&#8221; bg_style=&#8221;stretch&#8221; css=&#8221;.vc_custom_1682779457550{border-top-width: 1px&nbsp;!important;border-bottom-width: 1px&nbsp;!important;padding-top: 60px&nbsp;!important;padding-bottom: 60px&nbsp;!important;background-color: #003a5c&nbsp;!important;border-top-color: #ededed&nbsp;!important;border-top-style: solid&nbsp;!important;border-bottom-color: #ededed&nbsp;!important;border-bottom-style: solid&nbsp;!important;}&#8221; visibility=&#8221;visible-phone&#8221;][vc_column][vc_column_text color=&#8221;#ffffff&#8221; css=&#8221;.vc_custom_1682946043905{margin-bottom: 25px&nbsp;!important;}&#8221; font_family=&#8221;Boogy&#8221;]\n<p style=\"text-align: center;\">CREATE, DEVELOP, <span style=\"color: #e1211d;\"><strong>RESOLVE<\/strong><\/span><\/p>\n[\/vc_column_text]<h1 class=\"vcex-heading vcex-module wpex-text-2xl wpex-font-normal wpex-m-auto wpex-max-w-100 vcex-heading-plain wpex-block\" style=\"color:#ffffff;font-family:&#039;Boogy&#039;,serif;font-size:60px;\"><span class=\"vcex-heading-inner wpex-inline-block wpex-clr\">Litigation \/ Dispute resolution<\/span><\/h1>[vc_empty_space height=&#8221;20&#8243;][vc_column_text color=&#8221;#ffffff&#8221;]Our firm has significant litigation experience from small cases to very complex trials. Our courtroom experience, combined with our practical and technical know-how in case management enables us to implement creative solutions, which are needed to achieve favourable results in high-stakes cases.[\/vc_column_text][vc_empty_space height=&#8221;50&#8243;][vc_column_text color=&#8221;#ffffff&#8221; css=&#8221;.vc_custom_1682946072080{margin-left: 75px&nbsp;!important;}&#8221; font_family=&#8221;Boogy&#8221;]AREAS OF EXPERTISE[\/vc_column_text][vc_empty_space height=&#8221;10&#8243;][vc_wp_custommenu nav_menu=&#8221;93&#8243; el_class=&#8221;menuinterne&#8221;][vc_empty_space height=&#8221;20&#8243;][vc_wp_custommenu nav_menu=&#8221;94&#8243; el_class=&#8221;menuinterne&#8221;][vc_empty_space height=&#8221;20&#8243;][vc_wp_custommenu nav_menu=&#8221;95&#8243; el_class=&#8221;menuinterne&#8221;][\/vc_column][\/vc_row][vc_row][vc_column][\/vc_column][\/vc_row]","protected":false},"excerpt":{"rendered":"<p>[vc_row full_width=&#8221;stretch_row_content&#8221; css=&#8221;.vc_custom_1699956050832{margin-bottom: 0px&nbsp;!important;padding-top: 220px&nbsp;!important;padding-bottom: 200px&nbsp;!important;background-image: url(https:\/\/azamdarley.com\/wp-content\/uploads\/2022\/11\/avocat-antoine-azam-darley-paris.jpg?id=5829)&nbsp;!important;background-position: center&nbsp;!important;background-repeat: no-repeat&nbsp;!important;background-size: cover&nbsp;!important;}&#8221;][vc_column][\/vc_column][\/vc_row][vc_row full_width=&#8221;stretch_row&#8221; remove_bottom_col_margin=&#8221;true&#8221; bg_style=&#8221;stretch&#8221; css=&#8221;.vc_custom_1682779444560{border-top-width: 1px&nbsp;!important;border-bottom-width: 1px&nbsp;!important;padding-top: 60px&nbsp;!important;padding-bottom: 60px&nbsp;!important;background-color: #003a5c&nbsp;!important;border-top-color: #ededed&nbsp;!important;border-top-style: solid&nbsp;!important;border-bottom-color: #ededed&nbsp;!important;border-bottom-style: solid&nbsp;!important;}&#8221; el_id=&#8221;creer&#8221; visibility=&#8221;hidden-phone&#8221;][vc_column][vc_column_text color=&#8221;#ffffff&#8221; css=&#8221;.vc_custom_1682946031830{margin-bottom: 25px&nbsp;!important;}&#8221; font_family=&#8221;Boogy&#8221;] CREATE, DEVELOP, RESOLVE [\/vc_column_text][vc_row_inner][vc_column_inner width=&#8221;2\/3&#8243; offset=&#8221;vc_hidden-xs&#8221; css=&#8221;.vc_custom_1666083487888{padding-top: 120px&nbsp;!important;padding-left: 150px&nbsp;!important;background-image: url(https:\/\/azamdarley.com\/wp-content\/uploads\/2022\/10\/slashG.png?id=5598)&nbsp;!important;background-position: 0 0&nbsp;!important;background-repeat: no-repeat&nbsp;!important;}&#8221;][vc_column_text color=&#8221;#ffffff&#8221;]Our firm has significant litigation experience from small cases to very complex trials.&hellip;<\/p>","protected":false},"author":1,"featured_media":0,"parent":0,"menu_order":0,"comment_status":"closed","ping_status":"closed","template":"templates\/no-sidebar.php","meta":{"inline_featured_image":false,"_monsterinsights_skip_tracking":false,"_monsterinsights_sitenote_active":false,"_monsterinsights_sitenote_note":"","_monsterinsights_sitenote_category":0,"footnotes":""},"class_list":["post-6554","page","type-page","status-publish","hentry","entry","no-media"],"yoast_head":"<!-- This site is optimized with the Yoast SEO plugin v23.9 - https:\/\/yoast.com\/wordpress\/plugins\/seo\/ -->\n<title>Litigation \/ Dispute resolution - Azam Darley Avocats<\/title>\n<meta name=\"robots\" content=\"index, follow, max-snippet:-1, max-image-preview:large, max-video-preview:-1\" \/>\n<link rel=\"canonical\" href=\"https:\/\/azamdarley.com\/en\/litigation-dispute-resolution\/\" \/>\n<meta property=\"og:locale\" content=\"en_US\" \/>\n<meta property=\"og:type\" content=\"article\" \/>\n<meta property=\"og:title\" content=\"Litigation \/ Dispute resolution - Azam Darley Avocats\" \/>\n<meta property=\"og:description\" content=\"[vc_row full_width=&#8221;stretch_row_content&#8221; css=&#8221;.vc_custom_1699956050832{margin-bottom: 0px&nbsp;!important;padding-top: 220px&nbsp;!important;padding-bottom: 200px&nbsp;!important;background-image: url(https:\/\/azamdarley.com\/wp-content\/uploads\/2022\/11\/avocat-antoine-azam-darley-paris.jpg?id=5829)&nbsp;!important;background-position: center&nbsp;!important;background-repeat: no-repeat&nbsp;!important;background-size: cover&nbsp;!important;}&#8221;][vc_column][\/vc_column][\/vc_row][vc_row full_width=&#8221;stretch_row&#8221; remove_bottom_col_margin=&#8221;true&#8221; bg_style=&#8221;stretch&#8221; css=&#8221;.vc_custom_1682779444560{border-top-width: 1px&nbsp;!important;border-bottom-width: 1px&nbsp;!important;padding-top: 60px&nbsp;!important;padding-bottom: 60px&nbsp;!important;background-color: #003a5c&nbsp;!important;border-top-color: #ededed&nbsp;!important;border-top-style: solid&nbsp;!important;border-bottom-color: #ededed&nbsp;!important;border-bottom-style: solid&nbsp;!important;}&#8221; el_id=&#8221;creer&#8221; visibility=&#8221;hidden-phone&#8221;][vc_column][vc_column_text color=&#8221;#ffffff&#8221; css=&#8221;.vc_custom_1682946031830{margin-bottom: 25px&nbsp;!important;}&#8221; font_family=&#8221;Boogy&#8221;] CREATE, DEVELOP, RESOLVE [\/vc_column_text][vc_row_inner][vc_column_inner width=&#8221;2\/3&#8243; offset=&#8221;vc_hidden-xs&#8221; css=&#8221;.vc_custom_1666083487888{padding-top: 120px&nbsp;!important;padding-left: 150px&nbsp;!important;background-image: url(https:\/\/azamdarley.com\/wp-content\/uploads\/2022\/10\/slashG.png?id=5598)&nbsp;!important;background-position: 0 0&nbsp;!important;background-repeat: no-repeat&nbsp;!important;}&#8221;][vc_column_text color=&#8221;#ffffff&#8221;]Our firm has significant litigation experience from small cases to very complex trials.&hellip;\" \/>\n<meta property=\"og:url\" content=\"https:\/\/azamdarley.com\/en\/litigation-dispute-resolution\/\" \/>\n<meta property=\"og:site_name\" content=\"Azam Darley Avocats\" \/>\n<meta property=\"article:modified_time\" content=\"2023-11-14T10:00:54+00:00\" \/>\n<meta name=\"twitter:card\" content=\"summary_large_image\" \/>\n<meta name=\"twitter:label1\" content=\"Est. reading time\" \/>\n\t<meta name=\"twitter:data1\" content=\"2 minutes\" \/>\n<script type=\"application\/ld+json\" class=\"yoast-schema-graph\">{\"@context\":\"https:\/\/schema.org\",\"@graph\":[{\"@type\":\"WebPage\",\"@id\":\"https:\/\/azamdarley.com\/en\/litigation-dispute-resolution\/\",\"url\":\"https:\/\/azamdarley.com\/en\/litigation-dispute-resolution\/\",\"name\":\"Litigation \/ Dispute resolution - Azam Darley Avocats\",\"isPartOf\":{\"@id\":\"https:\/\/azamdarley.com\/en\/#website\"},\"datePublished\":\"2022-11-13T20:06:07+00:00\",\"dateModified\":\"2023-11-14T10:00:54+00:00\",\"breadcrumb\":{\"@id\":\"https:\/\/azamdarley.com\/en\/litigation-dispute-resolution\/#breadcrumb\"},\"inLanguage\":\"en-US\",\"potentialAction\":[{\"@type\":\"ReadAction\",\"target\":[\"https:\/\/azamdarley.com\/en\/litigation-dispute-resolution\/\"]}]},{\"@type\":\"BreadcrumbList\",\"@id\":\"https:\/\/azamdarley.com\/en\/litigation-dispute-resolution\/#breadcrumb\",\"itemListElement\":[{\"@type\":\"ListItem\",\"position\":1,\"name\":\"Accueil\",\"item\":\"https:\/\/azamdarley.com\/en\/\"},{\"@type\":\"ListItem\",\"position\":2,\"name\":\"Litigation \/ Dispute resolution\"}]},{\"@type\":\"WebSite\",\"@id\":\"https:\/\/azamdarley.com\/en\/#website\",\"url\":\"https:\/\/azamdarley.com\/en\/\",\"name\":\"Azam Darley avocats - Paris\",\"description\":\"Gamme compl\u00e8te de services juridiques \u00e0 ses clients en France et \u00e0 l\u2019international.\",\"publisher\":{\"@id\":\"https:\/\/azamdarley.com\/en\/#organization\"},\"potentialAction\":[{\"@type\":\"SearchAction\",\"target\":{\"@type\":\"EntryPoint\",\"urlTemplate\":\"https:\/\/azamdarley.com\/en\/?s={search_term_string}\"},\"query-input\":{\"@type\":\"PropertyValueSpecification\",\"valueRequired\":true,\"valueName\":\"search_term_string\"}}],\"inLanguage\":\"en-US\"},{\"@type\":\"Organization\",\"@id\":\"https:\/\/azamdarley.com\/en\/#organization\",\"name\":\"Azam Darley avocats - Paris\",\"url\":\"https:\/\/azamdarley.com\/en\/\",\"logo\":{\"@type\":\"ImageObject\",\"inLanguage\":\"en-US\",\"@id\":\"https:\/\/azamdarley.com\/en\/#\/schema\/logo\/image\/\",\"url\":\"https:\/\/azamdarley.com\/wp-content\/uploads\/2023\/12\/logo.svg\",\"contentUrl\":\"https:\/\/azamdarley.com\/wp-content\/uploads\/2023\/12\/logo.svg\",\"width\":152,\"height\":100,\"caption\":\"Azam Darley avocats - Paris\"},\"image\":{\"@id\":\"https:\/\/azamdarley.com\/en\/#\/schema\/logo\/image\/\"}}]}<\/script>\n<!-- \/ Yoast SEO plugin. -->","yoast_head_json":{"title":"Litigation \/ Dispute resolution - Azam Darley Avocats","robots":{"index":"index","follow":"follow","max-snippet":"max-snippet:-1","max-image-preview":"max-image-preview:large","max-video-preview":"max-video-preview:-1"},"canonical":"https:\/\/azamdarley.com\/en\/litigation-dispute-resolution\/","og_locale":"en_US","og_type":"article","og_title":"Litigation \/ Dispute resolution - Azam Darley Avocats","og_description":"[vc_row full_width=&#8221;stretch_row_content&#8221; css=&#8221;.vc_custom_1699956050832{margin-bottom: 0px&nbsp;!important;padding-top: 220px&nbsp;!important;padding-bottom: 200px&nbsp;!important;background-image: url(https:\/\/azamdarley.com\/wp-content\/uploads\/2022\/11\/avocat-antoine-azam-darley-paris.jpg?id=5829)&nbsp;!important;background-position: center&nbsp;!important;background-repeat: no-repeat&nbsp;!important;background-size: cover&nbsp;!important;}&#8221;][vc_column][\/vc_column][\/vc_row][vc_row full_width=&#8221;stretch_row&#8221; remove_bottom_col_margin=&#8221;true&#8221; bg_style=&#8221;stretch&#8221; css=&#8221;.vc_custom_1682779444560{border-top-width: 1px&nbsp;!important;border-bottom-width: 1px&nbsp;!important;padding-top: 60px&nbsp;!important;padding-bottom: 60px&nbsp;!important;background-color: #003a5c&nbsp;!important;border-top-color: #ededed&nbsp;!important;border-top-style: solid&nbsp;!important;border-bottom-color: #ededed&nbsp;!important;border-bottom-style: solid&nbsp;!important;}&#8221; el_id=&#8221;creer&#8221; visibility=&#8221;hidden-phone&#8221;][vc_column][vc_column_text color=&#8221;#ffffff&#8221; css=&#8221;.vc_custom_1682946031830{margin-bottom: 25px&nbsp;!important;}&#8221; font_family=&#8221;Boogy&#8221;] CREATE, DEVELOP, RESOLVE [\/vc_column_text][vc_row_inner][vc_column_inner width=&#8221;2\/3&#8243; offset=&#8221;vc_hidden-xs&#8221; css=&#8221;.vc_custom_1666083487888{padding-top: 120px&nbsp;!important;padding-left: 150px&nbsp;!important;background-image: url(https:\/\/azamdarley.com\/wp-content\/uploads\/2022\/10\/slashG.png?id=5598)&nbsp;!important;background-position: 0 0&nbsp;!important;background-repeat: no-repeat&nbsp;!important;}&#8221;][vc_column_text color=&#8221;#ffffff&#8221;]Our firm has significant litigation experience from small cases to very complex trials.&hellip;","og_url":"https:\/\/azamdarley.com\/en\/litigation-dispute-resolution\/","og_site_name":"Azam Darley Avocats","article_modified_time":"2023-11-14T10:00:54+00:00","twitter_card":"summary_large_image","twitter_misc":{"Est. reading time":"2 minutes"},"schema":{"@context":"https:\/\/schema.org","@graph":[{"@type":"WebPage","@id":"https:\/\/azamdarley.com\/en\/litigation-dispute-resolution\/","url":"https:\/\/azamdarley.com\/en\/litigation-dispute-resolution\/","name":"Litigation \/ Dispute resolution - Azam Darley Avocats","isPartOf":{"@id":"https:\/\/azamdarley.com\/en\/#website"},"datePublished":"2022-11-13T20:06:07+00:00","dateModified":"2023-11-14T10:00:54+00:00","breadcrumb":{"@id":"https:\/\/azamdarley.com\/en\/litigation-dispute-resolution\/#breadcrumb"},"inLanguage":"en-US","potentialAction":[{"@type":"ReadAction","target":["https:\/\/azamdarley.com\/en\/litigation-dispute-resolution\/"]}]},{"@type":"BreadcrumbList","@id":"https:\/\/azamdarley.com\/en\/litigation-dispute-resolution\/#breadcrumb","itemListElement":[{"@type":"ListItem","position":1,"name":"Accueil","item":"https:\/\/azamdarley.com\/en\/"},{"@type":"ListItem","position":2,"name":"Litigation \/ Dispute resolution"}]},{"@type":"WebSite","@id":"https:\/\/azamdarley.com\/en\/#website","url":"https:\/\/azamdarley.com\/en\/","name":"Azam Darley avocats - Paris","description":"Gamme compl\u00e8te de services juridiques \u00e0 ses clients en France et \u00e0 l\u2019international.","publisher":{"@id":"https:\/\/azamdarley.com\/en\/#organization"},"potentialAction":[{"@type":"SearchAction","target":{"@type":"EntryPoint","urlTemplate":"https:\/\/azamdarley.com\/en\/?s={search_term_string}"},"query-input":{"@type":"PropertyValueSpecification","valueRequired":true,"valueName":"search_term_string"}}],"inLanguage":"en-US"},{"@type":"Organization","@id":"https:\/\/azamdarley.com\/en\/#organization","name":"Azam Darley avocats - Paris","url":"https:\/\/azamdarley.com\/en\/","logo":{"@type":"ImageObject","inLanguage":"en-US","@id":"https:\/\/azamdarley.com\/en\/#\/schema\/logo\/image\/","url":"https:\/\/azamdarley.com\/wp-content\/uploads\/2023\/12\/logo.svg","contentUrl":"https:\/\/azamdarley.com\/wp-content\/uploads\/2023\/12\/logo.svg","width":152,"height":100,"caption":"Azam Darley avocats - Paris"},"image":{"@id":"https:\/\/azamdarley.com\/en\/#\/schema\/logo\/image\/"}}]}},"_links":{"self":[{"href":"https:\/\/azamdarley.com\/en\/wp-json\/wp\/v2\/pages\/6554","targetHints":{"allow":["GET"]}}],"collection":[{"href":"https:\/\/azamdarley.com\/en\/wp-json\/wp\/v2\/pages"}],"about":[{"href":"https:\/\/azamdarley.com\/en\/wp-json\/wp\/v2\/types\/page"}],"author":[{"embeddable":true,"href":"https:\/\/azamdarley.com\/en\/wp-json\/wp\/v2\/users\/1"}],"replies":[{"embeddable":true,"href":"https:\/\/azamdarley.com\/en\/wp-json\/wp\/v2\/comments?post=6554"}],"version-history":[{"count":4,"href":"https:\/\/azamdarley.com\/en\/wp-json\/wp\/v2\/pages\/6554\/revisions"}],"predecessor-version":[{"id":7044,"href":"https:\/\/azamdarley.com\/en\/wp-json\/wp\/v2\/pages\/6554\/revisions\/7044"}],"wp:attachment":[{"href":"https:\/\/azamdarley.com\/en\/wp-json\/wp\/v2\/media?parent=6554"}],"curies":[{"name":"wp","href":"https:\/\/api.w.org\/{rel}","templated":true}]}}