{"id":6550,"date":"2022-11-13T20:37:37","date_gmt":"2022-11-13T20:37:37","guid":{"rendered":"https:\/\/azamdarley.com\/?page_id=6550"},"modified":"2023-11-14T09:59:02","modified_gmt":"2023-11-14T09:59:02","slug":"family-office","status":"publish","type":"page","link":"https:\/\/azamdarley.com\/en\/family-office\/","title":{"rendered":"Family Office"},"content":{"rendered":"[vc_row full_width=&#8221;stretch_row_content&#8221; css=&#8221;.vc_custom_1699955938512{margin-bottom: 0px&nbsp;!important;padding-top: 220px&nbsp;!important;padding-bottom: 200px&nbsp;!important;background-image: url(https:\/\/azamdarley.com\/wp-content\/uploads\/2022\/11\/avocat-antoine-azam-darley-paris.jpg?id=5829)&nbsp;!important;background-position: center&nbsp;!important;background-repeat: no-repeat&nbsp;!important;background-size: cover&nbsp;!important;}&#8221;][vc_column][\/vc_column][\/vc_row][vc_row full_width=&#8221;stretch_row&#8221; remove_bottom_col_margin=&#8221;true&#8221; bg_style=&#8221;stretch&#8221; css=&#8221;.vc_custom_1682779321767{border-top-width: 1px&nbsp;!important;border-bottom-width: 1px&nbsp;!important;padding-top: 60px&nbsp;!important;padding-bottom: 60px&nbsp;!important;background-image: url(https:\/\/azamdarley.com\/wp-content\/uploads\/2022\/09\/azam-darley-avocat-tri1b.png?id=4793)&nbsp;!important;background-position: center&nbsp;!important;background-repeat: no-repeat&nbsp;!important;background-size: contain&nbsp;!important;border-top-color: #ededed&nbsp;!important;border-top-style: solid&nbsp;!important;border-bottom-color: #ededed&nbsp;!important;border-bottom-style: solid&nbsp;!important;}&#8221; el_id=&#8221;contact&#8221; visibility=&#8221;hidden-phone&#8221;][vc_column][vc_column_text color=&#8221;#003a5c&#8221; css=&#8221;.vc_custom_1682945692133{margin-bottom: 25px&nbsp;!important;}&#8221; font_family=&#8221;Boogy&#8221;]\n<p style=\"text-align: center;\">CREATE, <span style=\"color: #e1211d;\"><strong>DEVELOP<\/strong><\/span>, RESOLVE<\/p>\n[\/vc_column_text][vc_row_inner][vc_column_inner width=&#8221;2\/3&#8243; offset=&#8221;vc_hidden-xs&#8221; css=&#8221;.vc_custom_1666083487888{padding-top: 120px&nbsp;!important;padding-left: 150px&nbsp;!important;background-image: url(https:\/\/azamdarley.com\/wp-content\/uploads\/2022\/10\/slashG.png?id=5598)&nbsp;!important;background-position: 0 0&nbsp;!important;background-repeat: no-repeat&nbsp;!important;}&#8221;]<h1 class=\"vcex-heading vcex-module wpex-text-2xl wpex-font-normal wpex-m-auto wpex-max-w-100 vcex-heading-plain wpex-block\" style=\"color:#003a5c;font-family:&#039;Boogy&#039;,serif;font-size:60px;\"><span class=\"vcex-heading-inner wpex-inline-block wpex-clr\">Family Office<\/span><\/h1>[vc_column_text color=&#8221;#003a5c&#8221;]We have developed, in addition to our expertise in property law, family office services (asset management consulting), including assistance (administrative, tax and budget monitoring) for the administration of properties by means of specific modular tools that notably include:<\/p>\n<p>\/ Centralization and forwarding of incoming mail and bills<br \/>\n\/ Organization of the payment of real estate related expenses<br \/>\n\/ Filing and storage of accounting documents<br \/>\n\/ Immediate response to incoming mails (e.g. tax authorities requests)<br \/>\n\/ Analysis of charges and reports received from co-owners or building management<br \/>\n\/ Client representation at co-owners general meetings<br \/>\n\/ Keeping of accounting records and documents<br \/>\n\/ Assistance in the execution of works<br \/>\n\/ Organization of property maintenance<br \/>\n\/ Reporting to real estate owners, their representatives or managers<\/p>\n<p>AzamDarley &amp; Associ\u00e9s offers customized services on a daily basis with the help of a network of professionals (accountants, tax consultants, notaries, architects, contractors, real estate agents).<br \/>\n[\/vc_column_text][\/vc_column_inner][vc_column_inner width=&#8221;1\/3&#8243;][vc_empty_space height=&#8221;165px&#8221;][vc_column_text color=&#8221;#003a5c&#8221; css=&#8221;.vc_custom_1682945718546{margin-left: 75px&nbsp;!important;}&#8221; font_family=&#8221;Boogy&#8221;]AREAS OF EXPERTISE[\/vc_column_text][vc_empty_space height=&#8221;10&#8243;][vc_wp_custommenu nav_menu=&#8221;93&#8243; el_class=&#8221;menuinternerouge&#8221;][vc_empty_space height=&#8221;20&#8243;][vc_wp_custommenu nav_menu=&#8221;94&#8243; el_class=&#8221;menuinternerouge&#8221;][vc_empty_space height=&#8221;20&#8243;][vc_wp_custommenu nav_menu=&#8221;95&#8243; el_class=&#8221;menuinternerouge&#8221;][\/vc_column_inner][\/vc_row_inner][\/vc_column][\/vc_row][vc_row full_width=&#8221;stretch_row&#8221; remove_bottom_col_margin=&#8221;true&#8221; bg_style=&#8221;stretch&#8221; css=&#8221;.vc_custom_1682779331460{border-top-width: 1px&nbsp;!important;border-bottom-width: 1px&nbsp;!important;padding-top: 60px&nbsp;!important;padding-bottom: 60px&nbsp;!important;background-image: url(https:\/\/azamdarley.com\/wp-content\/uploads\/2022\/09\/azam-darley-avocat-tri1b.png?id=4793)&nbsp;!important;background-position: center&nbsp;!important;background-repeat: no-repeat&nbsp;!important;background-size: contain&nbsp;!important;border-top-color: #ededed&nbsp;!important;border-top-style: solid&nbsp;!important;border-bottom-color: #ededed&nbsp;!important;border-bottom-style: solid&nbsp;!important;}&#8221; visibility=&#8221;visible-phone&#8221;][vc_column][vc_column_text color=&#8221;#003a5c&#8221; css=&#8221;.vc_custom_1682945702438{margin-bottom: 25px&nbsp;!important;}&#8221; font_family=&#8221;Boogy&#8221;]\n<p style=\"text-align: center;\">CREATE, <span style=\"color: #e1211d;\"><strong>DEVELOP<\/strong><\/span>, RESOLVE<\/p>\n[\/vc_column_text]<h1 class=\"vcex-heading vcex-module wpex-text-2xl wpex-font-normal wpex-m-auto wpex-max-w-100 vcex-heading-plain wpex-block\" style=\"color:#003a5c;font-family:&#039;Boogy&#039;,serif;font-size:60px;\"><span class=\"vcex-heading-inner wpex-inline-block wpex-clr\">Family Office<\/span><\/h1>[vc_empty_space height=&#8221;20&#8243;][vc_column_text color=&#8221;#003a5c&#8221;]We have developed, in addition to our expertise in property law, family office services (asset management consulting), including assistance (administrative, tax and budget monitoring) for the administration of properties by means of specific modular tools that notably include:<\/p>\n<p>\/ Centralization and forwarding of incoming mail and bills<br \/>\n\/ Organization of the payment of real estate related expenses<br \/>\n\/ Filing and storage of accounting documents<br \/>\n\/ Immediate response to incoming mails (e.g. tax authorities requests)<br \/>\n\/ Analysis of charges and reports received from co-owners or building management<br \/>\n\/ Client representation at co-owners general meetings<br \/>\n\/ Keeping of accounting records and documents<br \/>\n\/ Assistance in the execution of works<br \/>\n\/ Organization of property maintenance<br \/>\n\/ Reporting to real estate owners, their representatives or managers<\/p>\n<p>AzamDarley &amp; Associ\u00e9s offers customized services on a daily basis with the help of a network of professionals (accountants, tax consultants, notaries, architects, contractors, real estate agents).[\/vc_column_text][vc_empty_space height=&#8221;50&#8243;][vc_column_text color=&#8221;#003a5c&#8221; css=&#8221;.vc_custom_1682945731700{margin-left: 75px&nbsp;!important;}&#8221; font_family=&#8221;Boogy&#8221;]AREAS OF EXPERTISE[\/vc_column_text][vc_empty_space height=&#8221;10&#8243;][vc_wp_custommenu nav_menu=&#8221;93&#8243; el_class=&#8221;menuinternerouge&#8221;][vc_empty_space height=&#8221;20&#8243;][vc_wp_custommenu nav_menu=&#8221;94&#8243; el_class=&#8221;menuinternerouge&#8221;][vc_empty_space height=&#8221;20&#8243;][vc_wp_custommenu nav_menu=&#8221;95&#8243; el_class=&#8221;menuinternerouge&#8221;][\/vc_column][\/vc_row][vc_row][vc_column][\/vc_column][\/vc_row]","protected":false},"excerpt":{"rendered":"<p>[vc_row full_width=&#8221;stretch_row_content&#8221; css=&#8221;.vc_custom_1699955938512{margin-bottom: 0px&nbsp;!important;padding-top: 220px&nbsp;!important;padding-bottom: 200px&nbsp;!important;background-image: url(https:\/\/azamdarley.com\/wp-content\/uploads\/2022\/11\/avocat-antoine-azam-darley-paris.jpg?id=5829)&nbsp;!important;background-position: center&nbsp;!important;background-repeat: no-repeat&nbsp;!important;background-size: cover&nbsp;!important;}&#8221;][vc_column][\/vc_column][\/vc_row][vc_row full_width=&#8221;stretch_row&#8221; remove_bottom_col_margin=&#8221;true&#8221; bg_style=&#8221;stretch&#8221; css=&#8221;.vc_custom_1682779321767{border-top-width: 1px&nbsp;!important;border-bottom-width: 1px&nbsp;!important;padding-top: 60px&nbsp;!important;padding-bottom: 60px&nbsp;!important;background-image: url(https:\/\/azamdarley.com\/wp-content\/uploads\/2022\/09\/azam-darley-avocat-tri1b.png?id=4793)&nbsp;!important;background-position: center&nbsp;!important;background-repeat: no-repeat&nbsp;!important;background-size: contain&nbsp;!important;border-top-color: #ededed&nbsp;!important;border-top-style: solid&nbsp;!important;border-bottom-color: #ededed&nbsp;!important;border-bottom-style: solid&nbsp;!important;}&#8221; el_id=&#8221;contact&#8221; visibility=&#8221;hidden-phone&#8221;][vc_column][vc_column_text color=&#8221;#003a5c&#8221; css=&#8221;.vc_custom_1682945692133{margin-bottom: 25px&nbsp;!important;}&#8221; font_family=&#8221;Boogy&#8221;] CREATE, DEVELOP, RESOLVE [\/vc_column_text][vc_row_inner][vc_column_inner width=&#8221;2\/3&#8243; offset=&#8221;vc_hidden-xs&#8221; css=&#8221;.vc_custom_1666083487888{padding-top: 120px&nbsp;!important;padding-left: 150px&nbsp;!important;background-image: url(https:\/\/azamdarley.com\/wp-content\/uploads\/2022\/10\/slashG.png?id=5598)&nbsp;!important;background-position: 0 0&nbsp;!important;background-repeat: no-repeat&nbsp;!important;}&#8221;][vc_column_text color=&#8221;#003a5c&#8221;]We have developed, in addition to our expertise in property&hellip;<\/p>","protected":false},"author":1,"featured_media":0,"parent":0,"menu_order":0,"comment_status":"closed","ping_status":"closed","template":"templates\/no-sidebar.php","meta":{"inline_featured_image":false,"_monsterinsights_skip_tracking":false,"_monsterinsights_sitenote_active":false,"_monsterinsights_sitenote_note":"","_monsterinsights_sitenote_category":0,"footnotes":""},"class_list":["post-6550","page","type-page","status-publish","hentry","entry","no-media"],"yoast_head":"<!-- This site is optimized with the Yoast SEO plugin v23.9 - https:\/\/yoast.com\/wordpress\/plugins\/seo\/ -->\n<title>Family Office - Azam Darley Avocats<\/title>\n<meta name=\"robots\" content=\"index, follow, max-snippet:-1, max-image-preview:large, max-video-preview:-1\" \/>\n<link rel=\"canonical\" href=\"https:\/\/azamdarley.com\/en\/family-office\/\" \/>\n<meta property=\"og:locale\" content=\"en_US\" \/>\n<meta property=\"og:type\" content=\"article\" \/>\n<meta property=\"og:title\" content=\"Family Office - Azam Darley Avocats\" \/>\n<meta property=\"og:description\" content=\"[vc_row full_width=&#8221;stretch_row_content&#8221; css=&#8221;.vc_custom_1699955938512{margin-bottom: 0px&nbsp;!important;padding-top: 220px&nbsp;!important;padding-bottom: 200px&nbsp;!important;background-image: url(https:\/\/azamdarley.com\/wp-content\/uploads\/2022\/11\/avocat-antoine-azam-darley-paris.jpg?id=5829)&nbsp;!important;background-position: center&nbsp;!important;background-repeat: no-repeat&nbsp;!important;background-size: cover&nbsp;!important;}&#8221;][vc_column][\/vc_column][\/vc_row][vc_row full_width=&#8221;stretch_row&#8221; remove_bottom_col_margin=&#8221;true&#8221; bg_style=&#8221;stretch&#8221; css=&#8221;.vc_custom_1682779321767{border-top-width: 1px&nbsp;!important;border-bottom-width: 1px&nbsp;!important;padding-top: 60px&nbsp;!important;padding-bottom: 60px&nbsp;!important;background-image: url(https:\/\/azamdarley.com\/wp-content\/uploads\/2022\/09\/azam-darley-avocat-tri1b.png?id=4793)&nbsp;!important;background-position: center&nbsp;!important;background-repeat: no-repeat&nbsp;!important;background-size: contain&nbsp;!important;border-top-color: #ededed&nbsp;!important;border-top-style: solid&nbsp;!important;border-bottom-color: #ededed&nbsp;!important;border-bottom-style: solid&nbsp;!important;}&#8221; el_id=&#8221;contact&#8221; visibility=&#8221;hidden-phone&#8221;][vc_column][vc_column_text color=&#8221;#003a5c&#8221; css=&#8221;.vc_custom_1682945692133{margin-bottom: 25px&nbsp;!important;}&#8221; font_family=&#8221;Boogy&#8221;] CREATE, DEVELOP, RESOLVE [\/vc_column_text][vc_row_inner][vc_column_inner width=&#8221;2\/3&#8243; offset=&#8221;vc_hidden-xs&#8221; css=&#8221;.vc_custom_1666083487888{padding-top: 120px&nbsp;!important;padding-left: 150px&nbsp;!important;background-image: url(https:\/\/azamdarley.com\/wp-content\/uploads\/2022\/10\/slashG.png?id=5598)&nbsp;!important;background-position: 0 0&nbsp;!important;background-repeat: no-repeat&nbsp;!important;}&#8221;][vc_column_text color=&#8221;#003a5c&#8221;]We have developed, in addition to our expertise in property&hellip;\" \/>\n<meta property=\"og:url\" content=\"https:\/\/azamdarley.com\/en\/family-office\/\" \/>\n<meta property=\"og:site_name\" content=\"Azam Darley Avocats\" \/>\n<meta property=\"article:modified_time\" content=\"2023-11-14T09:59:02+00:00\" \/>\n<meta name=\"twitter:card\" content=\"summary_large_image\" \/>\n<meta name=\"twitter:label1\" content=\"Est. reading time\" \/>\n\t<meta name=\"twitter:data1\" content=\"3 minutes\" \/>\n<script type=\"application\/ld+json\" class=\"yoast-schema-graph\">{\"@context\":\"https:\/\/schema.org\",\"@graph\":[{\"@type\":\"WebPage\",\"@id\":\"https:\/\/azamdarley.com\/en\/family-office\/\",\"url\":\"https:\/\/azamdarley.com\/en\/family-office\/\",\"name\":\"Family Office - Azam Darley Avocats\",\"isPartOf\":{\"@id\":\"https:\/\/azamdarley.com\/en\/#website\"},\"datePublished\":\"2022-11-13T20:37:37+00:00\",\"dateModified\":\"2023-11-14T09:59:02+00:00\",\"breadcrumb\":{\"@id\":\"https:\/\/azamdarley.com\/en\/family-office\/#breadcrumb\"},\"inLanguage\":\"en-US\",\"potentialAction\":[{\"@type\":\"ReadAction\",\"target\":[\"https:\/\/azamdarley.com\/en\/family-office\/\"]}]},{\"@type\":\"BreadcrumbList\",\"@id\":\"https:\/\/azamdarley.com\/en\/family-office\/#breadcrumb\",\"itemListElement\":[{\"@type\":\"ListItem\",\"position\":1,\"name\":\"Accueil\",\"item\":\"https:\/\/azamdarley.com\/en\/\"},{\"@type\":\"ListItem\",\"position\":2,\"name\":\"Family Office\"}]},{\"@type\":\"WebSite\",\"@id\":\"https:\/\/azamdarley.com\/en\/#website\",\"url\":\"https:\/\/azamdarley.com\/en\/\",\"name\":\"Azam Darley avocats - Paris\",\"description\":\"Gamme compl\u00e8te de services juridiques \u00e0 ses clients en France et \u00e0 l\u2019international.\",\"publisher\":{\"@id\":\"https:\/\/azamdarley.com\/en\/#organization\"},\"potentialAction\":[{\"@type\":\"SearchAction\",\"target\":{\"@type\":\"EntryPoint\",\"urlTemplate\":\"https:\/\/azamdarley.com\/en\/?s={search_term_string}\"},\"query-input\":{\"@type\":\"PropertyValueSpecification\",\"valueRequired\":true,\"valueName\":\"search_term_string\"}}],\"inLanguage\":\"en-US\"},{\"@type\":\"Organization\",\"@id\":\"https:\/\/azamdarley.com\/en\/#organization\",\"name\":\"Azam Darley avocats - Paris\",\"url\":\"https:\/\/azamdarley.com\/en\/\",\"logo\":{\"@type\":\"ImageObject\",\"inLanguage\":\"en-US\",\"@id\":\"https:\/\/azamdarley.com\/en\/#\/schema\/logo\/image\/\",\"url\":\"https:\/\/azamdarley.com\/wp-content\/uploads\/2023\/12\/logo.svg\",\"contentUrl\":\"https:\/\/azamdarley.com\/wp-content\/uploads\/2023\/12\/logo.svg\",\"width\":152,\"height\":100,\"caption\":\"Azam Darley avocats - Paris\"},\"image\":{\"@id\":\"https:\/\/azamdarley.com\/en\/#\/schema\/logo\/image\/\"}}]}<\/script>\n<!-- \/ Yoast SEO plugin. -->","yoast_head_json":{"title":"Family Office - Azam Darley Avocats","robots":{"index":"index","follow":"follow","max-snippet":"max-snippet:-1","max-image-preview":"max-image-preview:large","max-video-preview":"max-video-preview:-1"},"canonical":"https:\/\/azamdarley.com\/en\/family-office\/","og_locale":"en_US","og_type":"article","og_title":"Family Office - Azam Darley Avocats","og_description":"[vc_row full_width=&#8221;stretch_row_content&#8221; css=&#8221;.vc_custom_1699955938512{margin-bottom: 0px&nbsp;!important;padding-top: 220px&nbsp;!important;padding-bottom: 200px&nbsp;!important;background-image: url(https:\/\/azamdarley.com\/wp-content\/uploads\/2022\/11\/avocat-antoine-azam-darley-paris.jpg?id=5829)&nbsp;!important;background-position: center&nbsp;!important;background-repeat: no-repeat&nbsp;!important;background-size: cover&nbsp;!important;}&#8221;][vc_column][\/vc_column][\/vc_row][vc_row full_width=&#8221;stretch_row&#8221; remove_bottom_col_margin=&#8221;true&#8221; bg_style=&#8221;stretch&#8221; css=&#8221;.vc_custom_1682779321767{border-top-width: 1px&nbsp;!important;border-bottom-width: 1px&nbsp;!important;padding-top: 60px&nbsp;!important;padding-bottom: 60px&nbsp;!important;background-image: url(https:\/\/azamdarley.com\/wp-content\/uploads\/2022\/09\/azam-darley-avocat-tri1b.png?id=4793)&nbsp;!important;background-position: center&nbsp;!important;background-repeat: no-repeat&nbsp;!important;background-size: contain&nbsp;!important;border-top-color: #ededed&nbsp;!important;border-top-style: solid&nbsp;!important;border-bottom-color: #ededed&nbsp;!important;border-bottom-style: solid&nbsp;!important;}&#8221; el_id=&#8221;contact&#8221; visibility=&#8221;hidden-phone&#8221;][vc_column][vc_column_text color=&#8221;#003a5c&#8221; css=&#8221;.vc_custom_1682945692133{margin-bottom: 25px&nbsp;!important;}&#8221; font_family=&#8221;Boogy&#8221;] CREATE, DEVELOP, RESOLVE [\/vc_column_text][vc_row_inner][vc_column_inner width=&#8221;2\/3&#8243; offset=&#8221;vc_hidden-xs&#8221; css=&#8221;.vc_custom_1666083487888{padding-top: 120px&nbsp;!important;padding-left: 150px&nbsp;!important;background-image: url(https:\/\/azamdarley.com\/wp-content\/uploads\/2022\/10\/slashG.png?id=5598)&nbsp;!important;background-position: 0 0&nbsp;!important;background-repeat: no-repeat&nbsp;!important;}&#8221;][vc_column_text color=&#8221;#003a5c&#8221;]We have developed, in addition to our expertise in property&hellip;","og_url":"https:\/\/azamdarley.com\/en\/family-office\/","og_site_name":"Azam Darley Avocats","article_modified_time":"2023-11-14T09:59:02+00:00","twitter_card":"summary_large_image","twitter_misc":{"Est. reading time":"3 minutes"},"schema":{"@context":"https:\/\/schema.org","@graph":[{"@type":"WebPage","@id":"https:\/\/azamdarley.com\/en\/family-office\/","url":"https:\/\/azamdarley.com\/en\/family-office\/","name":"Family Office - Azam Darley Avocats","isPartOf":{"@id":"https:\/\/azamdarley.com\/en\/#website"},"datePublished":"2022-11-13T20:37:37+00:00","dateModified":"2023-11-14T09:59:02+00:00","breadcrumb":{"@id":"https:\/\/azamdarley.com\/en\/family-office\/#breadcrumb"},"inLanguage":"en-US","potentialAction":[{"@type":"ReadAction","target":["https:\/\/azamdarley.com\/en\/family-office\/"]}]},{"@type":"BreadcrumbList","@id":"https:\/\/azamdarley.com\/en\/family-office\/#breadcrumb","itemListElement":[{"@type":"ListItem","position":1,"name":"Accueil","item":"https:\/\/azamdarley.com\/en\/"},{"@type":"ListItem","position":2,"name":"Family Office"}]},{"@type":"WebSite","@id":"https:\/\/azamdarley.com\/en\/#website","url":"https:\/\/azamdarley.com\/en\/","name":"Azam Darley avocats - Paris","description":"Gamme compl\u00e8te de services juridiques \u00e0 ses clients en France et \u00e0 l\u2019international.","publisher":{"@id":"https:\/\/azamdarley.com\/en\/#organization"},"potentialAction":[{"@type":"SearchAction","target":{"@type":"EntryPoint","urlTemplate":"https:\/\/azamdarley.com\/en\/?s={search_term_string}"},"query-input":{"@type":"PropertyValueSpecification","valueRequired":true,"valueName":"search_term_string"}}],"inLanguage":"en-US"},{"@type":"Organization","@id":"https:\/\/azamdarley.com\/en\/#organization","name":"Azam Darley avocats - Paris","url":"https:\/\/azamdarley.com\/en\/","logo":{"@type":"ImageObject","inLanguage":"en-US","@id":"https:\/\/azamdarley.com\/en\/#\/schema\/logo\/image\/","url":"https:\/\/azamdarley.com\/wp-content\/uploads\/2023\/12\/logo.svg","contentUrl":"https:\/\/azamdarley.com\/wp-content\/uploads\/2023\/12\/logo.svg","width":152,"height":100,"caption":"Azam Darley avocats - Paris"},"image":{"@id":"https:\/\/azamdarley.com\/en\/#\/schema\/logo\/image\/"}}]}},"_links":{"self":[{"href":"https:\/\/azamdarley.com\/en\/wp-json\/wp\/v2\/pages\/6550","targetHints":{"allow":["GET"]}}],"collection":[{"href":"https:\/\/azamdarley.com\/en\/wp-json\/wp\/v2\/pages"}],"about":[{"href":"https:\/\/azamdarley.com\/en\/wp-json\/wp\/v2\/types\/page"}],"author":[{"embeddable":true,"href":"https:\/\/azamdarley.com\/en\/wp-json\/wp\/v2\/users\/1"}],"replies":[{"embeddable":true,"href":"https:\/\/azamdarley.com\/en\/wp-json\/wp\/v2\/comments?post=6550"}],"version-history":[{"count":3,"href":"https:\/\/azamdarley.com\/en\/wp-json\/wp\/v2\/pages\/6550\/revisions"}],"predecessor-version":[{"id":7040,"href":"https:\/\/azamdarley.com\/en\/wp-json\/wp\/v2\/pages\/6550\/revisions\/7040"}],"wp:attachment":[{"href":"https:\/\/azamdarley.com\/en\/wp-json\/wp\/v2\/media?parent=6550"}],"curies":[{"name":"wp","href":"https:\/\/api.w.org\/{rel}","templated":true}]}}