{"id":6515,"date":"2022-10-18T07:43:16","date_gmt":"2022-10-18T07:43:16","guid":{"rendered":"https:\/\/azamdarley.com\/?page_id=6515"},"modified":"2023-05-08T19:20:33","modified_gmt":"2023-05-08T19:20:33","slug":"resolve","status":"publish","type":"page","link":"https:\/\/azamdarley.com\/en\/resolve\/","title":{"rendered":"Resolve"},"content":{"rendered":"[vc_row full_width=&#8221;stretch_row_content&#8221; css=&#8221;.vc_custom_1667406397995{margin-bottom: 0px&nbsp;!important;padding-top: 220px&nbsp;!important;padding-bottom: 200px&nbsp;!important;background-image: url(https:\/\/azamdarley.com\/wp-content\/uploads\/2022\/10\/avocat-paris-azam-darley.jpg?id=5762)&nbsp;!important;background-position: center&nbsp;!important;background-repeat: no-repeat&nbsp;!important;background-size: cover&nbsp;!important;}&#8221;][vc_column][\/vc_column][\/vc_row][vc_row full_width=&#8221;stretch_row&#8221; remove_bottom_col_margin=&#8221;true&#8221; bg_style=&#8221;stretch&#8221; css=&#8221;.vc_custom_1682712531527{border-top-width: 1px&nbsp;!important;border-bottom-width: 1px&nbsp;!important;padding-top: 60px&nbsp;!important;padding-bottom: 60px&nbsp;!important;background-color: #003a5c&nbsp;!important;border-top-color: #ededed&nbsp;!important;border-top-style: solid&nbsp;!important;border-bottom-color: #ededed&nbsp;!important;border-bottom-style: solid&nbsp;!important;}&#8221; visibility=&#8221;hidden-phone&#8221;][vc_column][vc_raw_html]JTVCTW9kYWwtV2luZG93JTIwaWQlM0QlMjIzNiUyMiU1RCUwQSU1Qk1vZGFsLVdpbmRvdyUyMGlkJTNEJTIyMzclMjIlNUQlMEElNUJNb2RhbC1XaW5kb3clMjBpZCUzRCUyMjM4JTIyJTVE[\/vc_raw_html][vc_column_text color=&#8221;#ffffff&#8221; css=&#8221;.vc_custom_1682885917746{margin-bottom: 25px&nbsp;!important;}&#8221; font_family=&#8221;Boogy&#8221; text_align=&#8221;center&#8221;]CREATE, DEVELOP, RESOLVE[\/vc_column_text][vc_row_inner][vc_column_inner width=&#8221;6\/12&#8243; offset=&#8221;vc_hidden-xs&#8221; css=&#8221;.vc_custom_1665937335871{padding-top: 80px&nbsp;!important;padding-left: 150px&nbsp;!important;background-image: url(https:\/\/azamdarley.com\/wp-content\/uploads\/2022\/10\/slashG-2.png?id=5611)&nbsp;!important;}&#8221;][vc_column_text font_size=&#8221;25&#8243; color=&#8221;#ffffff&#8221; css=&#8221;.vc_custom_1682886013858{margin-top: 75px&nbsp;!important;}&#8221; font_family=&#8221;Boogy&#8221;]\u201cConflict resolution and defense of interests are specialties where AzamDarley &amp; Associ\u00e9s has an established and reputable added value. Our experience in litigation and perfect understanding of available legal tools allow us to define with our clients the best strategies for the resolution of their disputes.<br \/>\nAzamDarley &amp; Associ\u00e9s ensures a full legal representation to defend your interests before French, European and international jurisdictions.\u201d[\/vc_column_text][\/vc_column_inner][vc_column_inner width=&#8221;1\/12&#8243;][\/vc_column_inner][vc_column_inner width=&#8221;5\/12&#8243;]<h1 class=\"vcex-heading vcex-module wpex-text-2xl wpex-font-normal wpex-m-auto wpex-max-w-100 vcex-heading-plain wpex-block\" style=\"color:#ffffff;font-family:&#039;Boogy&#039;,serif;font-size:60px;\"><span class=\"vcex-heading-inner wpex-inline-block wpex-clr\">Resolve<\/span><\/h1>[vc_column_text color=&#8221;#ffffff&#8221;]\/ Providing solutions to shareholders disputes<br \/>\n\/ Managing the disputes between business partners<br \/>\n\/ Anticipating and preventing pending litigation<br \/>\n\/ Assisting companies in financial distress<br \/>\n\/ Facilitating conciliation, mediation and alternative dispute resolutions[\/vc_column_text][vc_empty_space height=&#8221;50px&#8221;][vc_column_text color=&#8221;#ffffff&#8221; css=&#8221;.vc_custom_1682886275911{margin-left: 75px&nbsp;!important;}&#8221; font_family=&#8221;Boogy&#8221;]AREAS OF EXPERTISE[\/vc_column_text][vc_empty_space height=&#8221;10&#8243;][vc_column_text color=&#8221;#ffffff&#8221; css=&#8221;.vc_custom_1683571157152{margin-left: 75px&nbsp;!important;}&#8221; font_weight=&#8221;600&#8243;]<strong><a href=\"#wow-modal-id-36\">Litigation \/ Dispute resolution<\/a><\/strong><br \/>\n<strong><a href=\"#wow-modal-id-37\">Employment Law<\/a><\/strong><br \/>\n<strong><a href=\"#wow-modal-id-38\">Insolvency proceedings<\/a><\/strong>[\/vc_column_text][\/vc_column_inner][\/vc_row_inner][\/vc_column][\/vc_row][vc_row full_width=&#8221;stretch_row&#8221; remove_bottom_col_margin=&#8221;true&#8221; bg_style=&#8221;stretch&#8221; css=&#8221;.vc_custom_1682712543040{border-top-width: 1px&nbsp;!important;border-bottom-width: 1px&nbsp;!important;padding-top: 60px&nbsp;!important;padding-bottom: 60px&nbsp;!important;background-color: #003a5c&nbsp;!important;border-top-color: #ededed&nbsp;!important;border-top-style: solid&nbsp;!important;border-bottom-color: #ededed&nbsp;!important;border-bottom-style: solid&nbsp;!important;}&#8221; visibility=&#8221;visible-phone&#8221;][vc_column][vc_raw_html]JTVCTW9kYWwtV2luZG93JTIwaWQlM0QlMjI0NyUyMiU1RCUwQSU1Qk1vZGFsLVdpbmRvdyUyMGlkJTNEJTIyNDglMjIlNUQlMEElNUJNb2RhbC1XaW5kb3clMjBpZCUzRCUyMjQ5JTIyJTVE[\/vc_raw_html][vc_column_text color=&#8221;#ffffff&#8221; css=&#8221;.vc_custom_1682885967518{margin-bottom: 25px&nbsp;!important;}&#8221; font_family=&#8221;Boogy&#8221; text_align=&#8221;center&#8221;]CREATE, DEVELOP, RESOLVE[\/vc_column_text]<h1 class=\"vcex-heading vcex-module wpex-text-2xl wpex-font-normal wpex-m-auto wpex-max-w-100 vcex-heading-plain wpex-block\" style=\"color:#ffffff;font-family:&#039;Boogy&#039;,serif;font-size:60px;\"><span class=\"vcex-heading-inner wpex-inline-block wpex-clr\">Resolve<\/span><\/h1>[vc_column_text font_size=&#8221;25&#8243; color=&#8221;#ffffff&#8221; css=&#8221;.vc_custom_1682886052336{margin-top: 75px&nbsp;!important;}&#8221; font_family=&#8221;Boogy&#8221;]\u201cConflict resolution and defense of interests are specialties where AzamDarley &amp; Associ\u00e9s has an established and reputable added value. Our experience in litigation and perfect understanding of available legal tools allow us to define with our clients the best strategies for the resolution of their disputes.<br \/>\nAzamDarley &amp; Associ\u00e9s ensures a full legal representation to defend your interests before French, European and international jurisdictions.\u201d[\/vc_column_text][vc_empty_space height=&#8221;50px&#8221;][vc_column_text color=&#8221;#ffffff&#8221;]\/ Providing solutions to shareholders disputes<br \/>\n\/ Managing the disputes between business partners<br \/>\n\/ Anticipating and preventing pending litigation<br \/>\n\/ Assisting companies in financial distress<br \/>\n\/ Facilitating conciliation, mediation and alternative dispute resolutions<br \/>\n[\/vc_column_text][vc_empty_space height=&#8221;50px&#8221;][vc_column_text color=&#8221;#ffffff&#8221; css=&#8221;.vc_custom_1682886289784{margin-left: 75px&nbsp;!important;}&#8221; font_family=&#8221;Boogy&#8221;]AREAS OF EXPERTISE[\/vc_column_text][vc_empty_space height=&#8221;10&#8243;][vc_column_text color=&#8221;#ffffff&#8221; css=&#8221;.vc_custom_1683573628186{margin-left: 75px&nbsp;!important;}&#8221; font_weight=&#8221;600&#8243;]<strong><a href=\"#wow-modal-id-47\">Litigation \/ Dispute resolution<\/a><\/strong><br \/>\n<strong><a href=\"#wow-modal-id-48\">Employment Law<\/a><\/strong><br \/>\n<strong><a href=\"#wow-modal-id-49\">Insolvency proceedings<\/a><\/strong>[\/vc_column_text][vc_row_inner][vc_column_inner offset=&#8221;vc_hidden-xs&#8221; css=&#8221;.vc_custom_1665937335871{padding-top: 80px&nbsp;!important;padding-left: 150px&nbsp;!important;background-image: url(https:\/\/azamdarley.com\/wp-content\/uploads\/2022\/10\/slashG-2.png?id=5611)&nbsp;!important;}&#8221;][\/vc_column_inner][\/vc_row_inner][\/vc_column][\/vc_row]","protected":false},"excerpt":{"rendered":"<p>[vc_row full_width=&#8221;stretch_row_content&#8221; css=&#8221;.vc_custom_1667406397995{margin-bottom: 0px&nbsp;!important;padding-top: 220px&nbsp;!important;padding-bottom: 200px&nbsp;!important;background-image: url(https:\/\/azamdarley.com\/wp-content\/uploads\/2022\/10\/avocat-paris-azam-darley.jpg?id=5762)&nbsp;!important;background-position: center&nbsp;!important;background-repeat: no-repeat&nbsp;!important;background-size: cover&nbsp;!important;}&#8221;][vc_column][\/vc_column][\/vc_row][vc_row full_width=&#8221;stretch_row&#8221; remove_bottom_col_margin=&#8221;true&#8221; bg_style=&#8221;stretch&#8221; css=&#8221;.vc_custom_1682712531527{border-top-width: 1px&nbsp;!important;border-bottom-width: 1px&nbsp;!important;padding-top: 60px&nbsp;!important;padding-bottom: 60px&nbsp;!important;background-color: #003a5c&nbsp;!important;border-top-color: #ededed&nbsp;!important;border-top-style: solid&nbsp;!important;border-bottom-color: #ededed&nbsp;!important;border-bottom-style: solid&nbsp;!important;}&#8221; visibility=&#8221;hidden-phone&#8221;][vc_column][vc_raw_html]JTVCTW9kYWwtV2luZG93JTIwaWQlM0QlMjIzNiUyMiU1RCUwQSU1Qk1vZGFsLVdpbmRvdyUyMGlkJTNEJTIyMzclMjIlNUQlMEElNUJNb2RhbC1XaW5kb3clMjBpZCUzRCUyMjM4JTIyJTVE[\/vc_raw_html][vc_column_text color=&#8221;#ffffff&#8221; css=&#8221;.vc_custom_1682885917746{margin-bottom: 25px&nbsp;!important;}&#8221; font_family=&#8221;Boogy&#8221; text_align=&#8221;center&#8221;]CREATE, DEVELOP, RESOLVE[\/vc_column_text][vc_row_inner][vc_column_inner width=&#8221;6\/12&#8243; offset=&#8221;vc_hidden-xs&#8221; css=&#8221;.vc_custom_1665937335871{padding-top: 80px&nbsp;!important;padding-left: 150px&nbsp;!important;background-image: url(https:\/\/azamdarley.com\/wp-content\/uploads\/2022\/10\/slashG-2.png?id=5611)&nbsp;!important;}&#8221;][vc_column_text font_size=&#8221;25&#8243; color=&#8221;#ffffff&#8221; css=&#8221;.vc_custom_1682886013858{margin-top: 75px&nbsp;!important;}&#8221; font_family=&#8221;Boogy&#8221;]\u201cConflict resolution and defense of interests are specialties where AzamDarley &amp; Associ\u00e9s has an&hellip;<\/p>","protected":false},"author":1,"featured_media":0,"parent":0,"menu_order":0,"comment_status":"closed","ping_status":"closed","template":"templates\/no-sidebar.php","meta":{"inline_featured_image":false,"_monsterinsights_skip_tracking":false,"_monsterinsights_sitenote_active":false,"_monsterinsights_sitenote_note":"","_monsterinsights_sitenote_category":0,"footnotes":""},"class_list":["post-6515","page","type-page","status-publish","hentry","entry","no-media"],"yoast_head":"<!-- This site is optimized with the Yoast SEO plugin v23.9 - https:\/\/yoast.com\/wordpress\/plugins\/seo\/ -->\n<title>Resolve - Azam Darley Avocats<\/title>\n<meta name=\"robots\" content=\"index, follow, max-snippet:-1, max-image-preview:large, max-video-preview:-1\" \/>\n<link rel=\"canonical\" href=\"https:\/\/azamdarley.com\/en\/resolve\/\" \/>\n<meta property=\"og:locale\" content=\"en_US\" \/>\n<meta property=\"og:type\" content=\"article\" \/>\n<meta property=\"og:title\" content=\"Resolve - Azam Darley Avocats\" \/>\n<meta property=\"og:description\" content=\"[vc_row full_width=&#8221;stretch_row_content&#8221; css=&#8221;.vc_custom_1667406397995{margin-bottom: 0px&nbsp;!important;padding-top: 220px&nbsp;!important;padding-bottom: 200px&nbsp;!important;background-image: url(https:\/\/azamdarley.com\/wp-content\/uploads\/2022\/10\/avocat-paris-azam-darley.jpg?id=5762)&nbsp;!important;background-position: center&nbsp;!important;background-repeat: no-repeat&nbsp;!important;background-size: cover&nbsp;!important;}&#8221;][vc_column][\/vc_column][\/vc_row][vc_row full_width=&#8221;stretch_row&#8221; remove_bottom_col_margin=&#8221;true&#8221; bg_style=&#8221;stretch&#8221; css=&#8221;.vc_custom_1682712531527{border-top-width: 1px&nbsp;!important;border-bottom-width: 1px&nbsp;!important;padding-top: 60px&nbsp;!important;padding-bottom: 60px&nbsp;!important;background-color: #003a5c&nbsp;!important;border-top-color: #ededed&nbsp;!important;border-top-style: solid&nbsp;!important;border-bottom-color: #ededed&nbsp;!important;border-bottom-style: solid&nbsp;!important;}&#8221; visibility=&#8221;hidden-phone&#8221;][vc_column][vc_raw_html]JTVCTW9kYWwtV2luZG93JTIwaWQlM0QlMjIzNiUyMiU1RCUwQSU1Qk1vZGFsLVdpbmRvdyUyMGlkJTNEJTIyMzclMjIlNUQlMEElNUJNb2RhbC1XaW5kb3clMjBpZCUzRCUyMjM4JTIyJTVE[\/vc_raw_html][vc_column_text color=&#8221;#ffffff&#8221; css=&#8221;.vc_custom_1682885917746{margin-bottom: 25px&nbsp;!important;}&#8221; font_family=&#8221;Boogy&#8221; text_align=&#8221;center&#8221;]CREATE, DEVELOP, RESOLVE[\/vc_column_text][vc_row_inner][vc_column_inner width=&#8221;6\/12&#8243; offset=&#8221;vc_hidden-xs&#8221; css=&#8221;.vc_custom_1665937335871{padding-top: 80px&nbsp;!important;padding-left: 150px&nbsp;!important;background-image: url(https:\/\/azamdarley.com\/wp-content\/uploads\/2022\/10\/slashG-2.png?id=5611)&nbsp;!important;}&#8221;][vc_column_text font_size=&#8221;25&#8243; color=&#8221;#ffffff&#8221; css=&#8221;.vc_custom_1682886013858{margin-top: 75px&nbsp;!important;}&#8221; font_family=&#8221;Boogy&#8221;]\u201cConflict resolution and defense of interests are specialties where AzamDarley &amp; Associ\u00e9s has an&hellip;\" \/>\n<meta property=\"og:url\" content=\"https:\/\/azamdarley.com\/en\/resolve\/\" \/>\n<meta property=\"og:site_name\" content=\"Azam Darley Avocats\" \/>\n<meta property=\"article:modified_time\" content=\"2023-05-08T19:20:33+00:00\" \/>\n<meta name=\"twitter:card\" content=\"summary_large_image\" \/>\n<meta name=\"twitter:label1\" content=\"Est. reading time\" \/>\n\t<meta name=\"twitter:data1\" content=\"2 minutes\" \/>\n<script type=\"application\/ld+json\" class=\"yoast-schema-graph\">{\"@context\":\"https:\/\/schema.org\",\"@graph\":[{\"@type\":\"WebPage\",\"@id\":\"https:\/\/azamdarley.com\/en\/resolve\/\",\"url\":\"https:\/\/azamdarley.com\/en\/resolve\/\",\"name\":\"Resolve - Azam Darley Avocats\",\"isPartOf\":{\"@id\":\"https:\/\/azamdarley.com\/en\/#website\"},\"datePublished\":\"2022-10-18T07:43:16+00:00\",\"dateModified\":\"2023-05-08T19:20:33+00:00\",\"breadcrumb\":{\"@id\":\"https:\/\/azamdarley.com\/en\/resolve\/#breadcrumb\"},\"inLanguage\":\"en-US\",\"potentialAction\":[{\"@type\":\"ReadAction\",\"target\":[\"https:\/\/azamdarley.com\/en\/resolve\/\"]}]},{\"@type\":\"BreadcrumbList\",\"@id\":\"https:\/\/azamdarley.com\/en\/resolve\/#breadcrumb\",\"itemListElement\":[{\"@type\":\"ListItem\",\"position\":1,\"name\":\"Accueil\",\"item\":\"https:\/\/azamdarley.com\/en\/\"},{\"@type\":\"ListItem\",\"position\":2,\"name\":\"Resolve\"}]},{\"@type\":\"WebSite\",\"@id\":\"https:\/\/azamdarley.com\/en\/#website\",\"url\":\"https:\/\/azamdarley.com\/en\/\",\"name\":\"Azam Darley avocats - Paris\",\"description\":\"Gamme compl\u00e8te de services juridiques \u00e0 ses clients en France et \u00e0 l\u2019international.\",\"publisher\":{\"@id\":\"https:\/\/azamdarley.com\/en\/#organization\"},\"potentialAction\":[{\"@type\":\"SearchAction\",\"target\":{\"@type\":\"EntryPoint\",\"urlTemplate\":\"https:\/\/azamdarley.com\/en\/?s={search_term_string}\"},\"query-input\":{\"@type\":\"PropertyValueSpecification\",\"valueRequired\":true,\"valueName\":\"search_term_string\"}}],\"inLanguage\":\"en-US\"},{\"@type\":\"Organization\",\"@id\":\"https:\/\/azamdarley.com\/en\/#organization\",\"name\":\"Azam Darley avocats - Paris\",\"url\":\"https:\/\/azamdarley.com\/en\/\",\"logo\":{\"@type\":\"ImageObject\",\"inLanguage\":\"en-US\",\"@id\":\"https:\/\/azamdarley.com\/en\/#\/schema\/logo\/image\/\",\"url\":\"https:\/\/azamdarley.com\/wp-content\/uploads\/2023\/12\/logo.svg\",\"contentUrl\":\"https:\/\/azamdarley.com\/wp-content\/uploads\/2023\/12\/logo.svg\",\"width\":152,\"height\":100,\"caption\":\"Azam Darley avocats - Paris\"},\"image\":{\"@id\":\"https:\/\/azamdarley.com\/en\/#\/schema\/logo\/image\/\"}}]}<\/script>\n<!-- \/ Yoast SEO plugin. -->","yoast_head_json":{"title":"Resolve - Azam Darley Avocats","robots":{"index":"index","follow":"follow","max-snippet":"max-snippet:-1","max-image-preview":"max-image-preview:large","max-video-preview":"max-video-preview:-1"},"canonical":"https:\/\/azamdarley.com\/en\/resolve\/","og_locale":"en_US","og_type":"article","og_title":"Resolve - Azam Darley Avocats","og_description":"[vc_row full_width=&#8221;stretch_row_content&#8221; css=&#8221;.vc_custom_1667406397995{margin-bottom: 0px&nbsp;!important;padding-top: 220px&nbsp;!important;padding-bottom: 200px&nbsp;!important;background-image: url(https:\/\/azamdarley.com\/wp-content\/uploads\/2022\/10\/avocat-paris-azam-darley.jpg?id=5762)&nbsp;!important;background-position: center&nbsp;!important;background-repeat: no-repeat&nbsp;!important;background-size: cover&nbsp;!important;}&#8221;][vc_column][\/vc_column][\/vc_row][vc_row full_width=&#8221;stretch_row&#8221; remove_bottom_col_margin=&#8221;true&#8221; bg_style=&#8221;stretch&#8221; css=&#8221;.vc_custom_1682712531527{border-top-width: 1px&nbsp;!important;border-bottom-width: 1px&nbsp;!important;padding-top: 60px&nbsp;!important;padding-bottom: 60px&nbsp;!important;background-color: #003a5c&nbsp;!important;border-top-color: #ededed&nbsp;!important;border-top-style: solid&nbsp;!important;border-bottom-color: #ededed&nbsp;!important;border-bottom-style: solid&nbsp;!important;}&#8221; visibility=&#8221;hidden-phone&#8221;][vc_column][vc_raw_html]JTVCTW9kYWwtV2luZG93JTIwaWQlM0QlMjIzNiUyMiU1RCUwQSU1Qk1vZGFsLVdpbmRvdyUyMGlkJTNEJTIyMzclMjIlNUQlMEElNUJNb2RhbC1XaW5kb3clMjBpZCUzRCUyMjM4JTIyJTVE[\/vc_raw_html][vc_column_text color=&#8221;#ffffff&#8221; css=&#8221;.vc_custom_1682885917746{margin-bottom: 25px&nbsp;!important;}&#8221; font_family=&#8221;Boogy&#8221; text_align=&#8221;center&#8221;]CREATE, DEVELOP, RESOLVE[\/vc_column_text][vc_row_inner][vc_column_inner width=&#8221;6\/12&#8243; offset=&#8221;vc_hidden-xs&#8221; css=&#8221;.vc_custom_1665937335871{padding-top: 80px&nbsp;!important;padding-left: 150px&nbsp;!important;background-image: url(https:\/\/azamdarley.com\/wp-content\/uploads\/2022\/10\/slashG-2.png?id=5611)&nbsp;!important;}&#8221;][vc_column_text font_size=&#8221;25&#8243; color=&#8221;#ffffff&#8221; css=&#8221;.vc_custom_1682886013858{margin-top: 75px&nbsp;!important;}&#8221; font_family=&#8221;Boogy&#8221;]\u201cConflict resolution and defense of interests are specialties where AzamDarley &amp; Associ\u00e9s has an&hellip;","og_url":"https:\/\/azamdarley.com\/en\/resolve\/","og_site_name":"Azam Darley Avocats","article_modified_time":"2023-05-08T19:20:33+00:00","twitter_card":"summary_large_image","twitter_misc":{"Est. reading time":"2 minutes"},"schema":{"@context":"https:\/\/schema.org","@graph":[{"@type":"WebPage","@id":"https:\/\/azamdarley.com\/en\/resolve\/","url":"https:\/\/azamdarley.com\/en\/resolve\/","name":"Resolve - Azam Darley Avocats","isPartOf":{"@id":"https:\/\/azamdarley.com\/en\/#website"},"datePublished":"2022-10-18T07:43:16+00:00","dateModified":"2023-05-08T19:20:33+00:00","breadcrumb":{"@id":"https:\/\/azamdarley.com\/en\/resolve\/#breadcrumb"},"inLanguage":"en-US","potentialAction":[{"@type":"ReadAction","target":["https:\/\/azamdarley.com\/en\/resolve\/"]}]},{"@type":"BreadcrumbList","@id":"https:\/\/azamdarley.com\/en\/resolve\/#breadcrumb","itemListElement":[{"@type":"ListItem","position":1,"name":"Accueil","item":"https:\/\/azamdarley.com\/en\/"},{"@type":"ListItem","position":2,"name":"Resolve"}]},{"@type":"WebSite","@id":"https:\/\/azamdarley.com\/en\/#website","url":"https:\/\/azamdarley.com\/en\/","name":"Azam Darley avocats - Paris","description":"Gamme compl\u00e8te de services juridiques \u00e0 ses clients en France et \u00e0 l\u2019international.","publisher":{"@id":"https:\/\/azamdarley.com\/en\/#organization"},"potentialAction":[{"@type":"SearchAction","target":{"@type":"EntryPoint","urlTemplate":"https:\/\/azamdarley.com\/en\/?s={search_term_string}"},"query-input":{"@type":"PropertyValueSpecification","valueRequired":true,"valueName":"search_term_string"}}],"inLanguage":"en-US"},{"@type":"Organization","@id":"https:\/\/azamdarley.com\/en\/#organization","name":"Azam Darley avocats - Paris","url":"https:\/\/azamdarley.com\/en\/","logo":{"@type":"ImageObject","inLanguage":"en-US","@id":"https:\/\/azamdarley.com\/en\/#\/schema\/logo\/image\/","url":"https:\/\/azamdarley.com\/wp-content\/uploads\/2023\/12\/logo.svg","contentUrl":"https:\/\/azamdarley.com\/wp-content\/uploads\/2023\/12\/logo.svg","width":152,"height":100,"caption":"Azam Darley avocats - Paris"},"image":{"@id":"https:\/\/azamdarley.com\/en\/#\/schema\/logo\/image\/"}}]}},"_links":{"self":[{"href":"https:\/\/azamdarley.com\/en\/wp-json\/wp\/v2\/pages\/6515","targetHints":{"allow":["GET"]}}],"collection":[{"href":"https:\/\/azamdarley.com\/en\/wp-json\/wp\/v2\/pages"}],"about":[{"href":"https:\/\/azamdarley.com\/en\/wp-json\/wp\/v2\/types\/page"}],"author":[{"embeddable":true,"href":"https:\/\/azamdarley.com\/en\/wp-json\/wp\/v2\/users\/1"}],"replies":[{"embeddable":true,"href":"https:\/\/azamdarley.com\/en\/wp-json\/wp\/v2\/comments?post=6515"}],"version-history":[{"count":5,"href":"https:\/\/azamdarley.com\/en\/wp-json\/wp\/v2\/pages\/6515\/revisions"}],"predecessor-version":[{"id":6726,"href":"https:\/\/azamdarley.com\/en\/wp-json\/wp\/v2\/pages\/6515\/revisions\/6726"}],"wp:attachment":[{"href":"https:\/\/azamdarley.com\/en\/wp-json\/wp\/v2\/media?parent=6515"}],"curies":[{"name":"wp","href":"https:\/\/api.w.org\/{rel}","templated":true}]}}