{"id":6510,"date":"2023-04-30T09:23:45","date_gmt":"2023-04-30T09:23:45","guid":{"rendered":"https:\/\/azamdarley.com\/?page_id=6510"},"modified":"2023-05-08T19:09:00","modified_gmt":"2023-05-08T19:09:00","slug":"develop","status":"publish","type":"page","link":"https:\/\/azamdarley.com\/en\/develop\/","title":{"rendered":"Develop"},"content":{"rendered":"[vc_row full_width=&#8221;stretch_row_content&#8221; css=&#8221;.vc_custom_1667402891411{margin-bottom: 0px&nbsp;!important;padding-top: 220px&nbsp;!important;padding-bottom: 200px&nbsp;!important;background-image: url(https:\/\/azamdarley.com\/wp-content\/uploads\/2022\/10\/avocat-paris-azam-darley.jpg?id=5762)&nbsp;!important;background-position: center&nbsp;!important;background-repeat: no-repeat&nbsp;!important;background-size: cover&nbsp;!important;}&#8221;][vc_column][\/vc_column][\/vc_row][vc_row full_width=&#8221;stretch_row&#8221; remove_bottom_col_margin=&#8221;true&#8221; bg_style=&#8221;stretch&#8221; css=&#8221;.vc_custom_1682711301885{border-top-width: 1px&nbsp;!important;border-bottom-width: 1px&nbsp;!important;padding-top: 60px&nbsp;!important;padding-bottom: 60px&nbsp;!important;background-image: url(https:\/\/azamdarley.com\/wp-content\/uploads\/2022\/09\/azam-darley-avocat-tri1b.png?id=4793)&nbsp;!important;background-position: center&nbsp;!important;background-repeat: no-repeat&nbsp;!important;background-size: contain&nbsp;!important;border-top-color: #ededed&nbsp;!important;border-top-style: solid&nbsp;!important;border-bottom-color: #ededed&nbsp;!important;border-bottom-style: solid&nbsp;!important;}&#8221; el_id=&#8221;developper&#8221; visibility=&#8221;hidden-phone&#8221;][vc_column][vc_raw_html]JTVCTW9kYWwtV2luZG93JTIwaWQlM0QlMjIzMiUyMiU1RCUwQSU1Qk1vZGFsLVdpbmRvdyUyMGlkJTNEJTIyMzMlMjIlNUQlMEElNUJNb2RhbC1XaW5kb3clMjBpZCUzRCUyMjM0JTIyJTVEJTBBJTVCTW9kYWwtV2luZG93JTIwaWQlM0QlMjIzNSUyMiU1RA==[\/vc_raw_html][vc_column_text color=&#8221;#e1211d&#8221; css=&#8221;.vc_custom_1682845870395{margin-bottom: 25px&nbsp;!important;}&#8221; font_family=&#8221;Boogy&#8221; text_align=&#8221;center&#8221;]CREATE, DEVELOP, RESOLVE[\/vc_column_text][vc_row_inner][vc_column_inner width=&#8221;5\/12&#8243;]<h2 class=\"vcex-heading vcex-module wpex-text-2xl wpex-font-normal wpex-m-auto wpex-max-w-100 vcex-heading-plain wpex-block\" style=\"font-family:&#039;Boogy&#039;,serif;font-size:60px;\"><span class=\"vcex-heading-inner wpex-inline-block wpex-clr\">Develop<\/span><\/h2>[vc_column_text]\/ Coordinating the fundraising of high growth potential companies<br \/>\n\/ Conducting the legal engineering for groups facing important development or under reorganization<br \/>\n\/ Safeguarding the legal framework of French and foreign companies facing the challenge of internationalizing their commercial activities<br \/>\n\/ Assisting family offices in the optimization of their assets and their investments<br \/>\n\/ Structuring investment operations, including real estate financing<br \/>\n[\/vc_column_text][vc_empty_space height=&#8221;50px&#8221;][vc_column_text css=&#8221;.vc_custom_1682846405290{margin-left: 75px&nbsp;!important;}&#8221; font_family=&#8221;Boogy&#8221;]AREAS OF EXPERTISE[\/vc_column_text][vc_empty_space height=&#8221;10&#8243;][vc_column_text css=&#8221;.vc_custom_1683570001468{margin-left: 75px&nbsp;!important;}&#8221; font_weight=&#8221;600&#8243;]<strong><a href=\"#wow-modal-id-32\">Banking &amp; finance<\/a><\/strong><br \/>\n<strong><a href=\"#wow-modal-id-33\">Real estate \/ construction<\/a><\/strong><br \/>\n<strong><a href=\"#wow-modal-id-34\">New technologies \/ communication<\/a><\/strong><br \/>\n<strong><a href=\"#wow-modal-id-35\">Family office<\/a><\/strong>[\/vc_column_text][\/vc_column_inner][vc_column_inner width=&#8221;1\/12&#8243;][\/vc_column_inner][vc_column_inner width=&#8221;6\/12&#8243; offset=&#8221;vc_hidden-xs&#8221; css=&#8221;.vc_custom_1665936856112{padding-top: 100px&nbsp;!important;padding-left: 140px&nbsp;!important;background-image: url(https:\/\/azamdarley.com\/wp-content\/uploads\/2022\/10\/slashG-2.png?id=5611)&nbsp;!important;}&#8221;][vc_column_text font_size=&#8221;25&#8243; css=&#8221;.vc_custom_1682845975306{margin-top: 75px&nbsp;!important;}&#8221; font_family=&#8221;Boogy&#8221;]\u201cAzamDarley &amp; Associ\u00e9s assists clients throughout the development of their activities.<br \/>\nOur understanding of our clients\u2019 businesses enables us to provide pragmatic services tailored to the needs of their structure, their activities, and the challenges they face.<br \/>\nOur role as privileged legal partner guarantees our clients a safe and balanced development of their business and structures, from start-ups to international corporations.\u201d[\/vc_column_text][\/vc_column_inner][\/vc_row_inner][\/vc_column][\/vc_row][vc_row full_width=&#8221;stretch_row&#8221; remove_bottom_col_margin=&#8221;true&#8221; bg_style=&#8221;stretch&#8221; css=&#8221;.vc_custom_1682711318023{border-top-width: 1px&nbsp;!important;border-bottom-width: 1px&nbsp;!important;padding-top: 60px&nbsp;!important;padding-bottom: 60px&nbsp;!important;background-image: url(https:\/\/azamdarley.com\/wp-content\/uploads\/2022\/09\/azam-darley-avocat-tri1b.png?id=4793)&nbsp;!important;background-position: center&nbsp;!important;background-repeat: no-repeat&nbsp;!important;background-size: contain&nbsp;!important;border-top-color: #ededed&nbsp;!important;border-top-style: solid&nbsp;!important;border-bottom-color: #ededed&nbsp;!important;border-bottom-style: solid&nbsp;!important;}&#8221; visibility=&#8221;visible-phone&#8221;][vc_column][vc_raw_html]JTVCTW9kYWwtV2luZG93JTIwaWQlM0QlMjI0MyUyMiU1RCUwQSU1Qk1vZGFsLVdpbmRvdyUyMGlkJTNEJTIyNDQlMjIlNUQlMEElNUJNb2RhbC1XaW5kb3clMjBpZCUzRCUyMjQ1JTIyJTVEJTBBJTVCTW9kYWwtV2luZG93JTIwaWQlM0QlMjI0NiUyMiU1RA==[\/vc_raw_html][vc_column_text color=&#8221;#e1211d&#8221; css=&#8221;.vc_custom_1682846197867{margin-bottom: 25px&nbsp;!important;}&#8221; font_family=&#8221;Boogy&#8221; text_align=&#8221;center&#8221;]CREATE, DEVELOP, RESOLVE[\/vc_column_text][vc_row_inner][vc_column_inner]<h2 class=\"vcex-heading vcex-module wpex-text-2xl wpex-font-normal wpex-m-auto wpex-max-w-100 vcex-heading-plain wpex-block\" style=\"font-family:&#039;Boogy&#039;,serif;font-size:60px;\"><span class=\"vcex-heading-inner wpex-inline-block wpex-clr\">Develop<\/span><\/h2>[vc_column_text font_size=&#8221;25&#8243; css=&#8221;.vc_custom_1682845993434{margin-top: 75px&nbsp;!important;}&#8221; font_family=&#8221;Boogy&#8221;]\u201cAzamDarley &amp; Associ\u00e9s assists clients throughout the development of their activities.<br \/>\nOur understanding of our clients\u2019 businesses enables us to provide pragmatic services tailored to the needs of their structure, their activities, and the challenges they face.<br \/>\nOur role as privileged legal partner guarantees our clients a safe and balanced development of their business and structures, from start-ups to international corporations.\u201d[\/vc_column_text][vc_empty_space height=&#8221;50px&#8221;][vc_column_text]\/ Coordinating the fundraising of high growth potential companies<br \/>\n\/ Conducting the legal engineering for groups facing important development or under reorganization<br \/>\n\/ Safeguarding the legal framework of French and foreign companies facing the challenge of internationalizing their commercial activities<br \/>\n\/ Assisting family offices in the optimization of their assets and their investments<br \/>\n\/ Structuring investment operations, including real estate financing[\/vc_column_text][vc_empty_space height=&#8221;50px&#8221;][vc_column_text css=&#8221;.vc_custom_1682846423399{margin-left: 75px&nbsp;!important;}&#8221; font_family=&#8221;Boogy&#8221;]AREAS OF EXPERTISE[\/vc_column_text][vc_empty_space height=&#8221;10&#8243;][vc_column_text css=&#8221;.vc_custom_1683572935891{margin-left: 75px&nbsp;!important;}&#8221; font_weight=&#8221;600&#8243;]<strong><a href=\"#wow-modal-id-43\">Banking &amp; finance<\/a><\/strong><br \/>\n<strong><a href=\"#wow-modal-id-44\">Real estate \/ construction<\/a><\/strong><br \/>\n<strong><a href=\"#wow-modal-id-45\">New technologies \/ communication<\/a><\/strong><br \/>\n<strong><a href=\"#wow-modal-id-46\">Family office<\/a><\/strong>[\/vc_column_text][\/vc_column_inner][\/vc_row_inner][\/vc_column][\/vc_row]","protected":false},"excerpt":{"rendered":"<p>[vc_row full_width=&#8221;stretch_row_content&#8221; css=&#8221;.vc_custom_1667402891411{margin-bottom: 0px&nbsp;!important;padding-top: 220px&nbsp;!important;padding-bottom: 200px&nbsp;!important;background-image: url(https:\/\/azamdarley.com\/wp-content\/uploads\/2022\/10\/avocat-paris-azam-darley.jpg?id=5762)&nbsp;!important;background-position: center&nbsp;!important;background-repeat: no-repeat&nbsp;!important;background-size: cover&nbsp;!important;}&#8221;][vc_column][\/vc_column][\/vc_row][vc_row full_width=&#8221;stretch_row&#8221; remove_bottom_col_margin=&#8221;true&#8221; bg_style=&#8221;stretch&#8221; css=&#8221;.vc_custom_1682711301885{border-top-width: 1px&nbsp;!important;border-bottom-width: 1px&nbsp;!important;padding-top: 60px&nbsp;!important;padding-bottom: 60px&nbsp;!important;background-image: url(https:\/\/azamdarley.com\/wp-content\/uploads\/2022\/09\/azam-darley-avocat-tri1b.png?id=4793)&nbsp;!important;background-position: center&nbsp;!important;background-repeat: no-repeat&nbsp;!important;background-size: contain&nbsp;!important;border-top-color: #ededed&nbsp;!important;border-top-style: solid&nbsp;!important;border-bottom-color: #ededed&nbsp;!important;border-bottom-style: solid&nbsp;!important;}&#8221; el_id=&#8221;developper&#8221; visibility=&#8221;hidden-phone&#8221;][vc_column][vc_raw_html]JTVCTW9kYWwtV2luZG93JTIwaWQlM0QlMjIzMiUyMiU1RCUwQSU1Qk1vZGFsLVdpbmRvdyUyMGlkJTNEJTIyMzMlMjIlNUQlMEElNUJNb2RhbC1XaW5kb3clMjBpZCUzRCUyMjM0JTIyJTVEJTBBJTVCTW9kYWwtV2luZG93JTIwaWQlM0QlMjIzNSUyMiU1RA==[\/vc_raw_html][vc_column_text color=&#8221;#e1211d&#8221; css=&#8221;.vc_custom_1682845870395{margin-bottom: 25px&nbsp;!important;}&#8221; font_family=&#8221;Boogy&#8221; text_align=&#8221;center&#8221;]CREATE, DEVELOP, RESOLVE[\/vc_column_text][vc_row_inner][vc_column_inner width=&#8221;5\/12&#8243;][vc_column_text]\/ Coordinating the fundraising of high growth potential companies \/ Conducting the legal engineering for groups facing important development or&hellip;<\/p>","protected":false},"author":1,"featured_media":0,"parent":0,"menu_order":0,"comment_status":"closed","ping_status":"closed","template":"templates\/no-sidebar.php","meta":{"inline_featured_image":false,"_monsterinsights_skip_tracking":false,"_monsterinsights_sitenote_active":false,"_monsterinsights_sitenote_note":"","_monsterinsights_sitenote_category":0,"footnotes":""},"class_list":["post-6510","page","type-page","status-publish","hentry","entry","no-media"],"yoast_head":"<!-- This site is optimized with the Yoast SEO plugin v23.9 - https:\/\/yoast.com\/wordpress\/plugins\/seo\/ -->\n<title>Develop - Azam Darley Avocats<\/title>\n<meta name=\"robots\" content=\"index, follow, max-snippet:-1, max-image-preview:large, max-video-preview:-1\" \/>\n<link rel=\"canonical\" href=\"https:\/\/azamdarley.com\/en\/develop\/\" \/>\n<meta property=\"og:locale\" content=\"en_US\" \/>\n<meta property=\"og:type\" content=\"article\" \/>\n<meta property=\"og:title\" content=\"Develop - Azam Darley Avocats\" \/>\n<meta property=\"og:description\" content=\"[vc_row full_width=&#8221;stretch_row_content&#8221; css=&#8221;.vc_custom_1667402891411{margin-bottom: 0px&nbsp;!important;padding-top: 220px&nbsp;!important;padding-bottom: 200px&nbsp;!important;background-image: url(https:\/\/azamdarley.com\/wp-content\/uploads\/2022\/10\/avocat-paris-azam-darley.jpg?id=5762)&nbsp;!important;background-position: center&nbsp;!important;background-repeat: no-repeat&nbsp;!important;background-size: cover&nbsp;!important;}&#8221;][vc_column][\/vc_column][\/vc_row][vc_row full_width=&#8221;stretch_row&#8221; remove_bottom_col_margin=&#8221;true&#8221; bg_style=&#8221;stretch&#8221; css=&#8221;.vc_custom_1682711301885{border-top-width: 1px&nbsp;!important;border-bottom-width: 1px&nbsp;!important;padding-top: 60px&nbsp;!important;padding-bottom: 60px&nbsp;!important;background-image: url(https:\/\/azamdarley.com\/wp-content\/uploads\/2022\/09\/azam-darley-avocat-tri1b.png?id=4793)&nbsp;!important;background-position: center&nbsp;!important;background-repeat: no-repeat&nbsp;!important;background-size: contain&nbsp;!important;border-top-color: #ededed&nbsp;!important;border-top-style: solid&nbsp;!important;border-bottom-color: #ededed&nbsp;!important;border-bottom-style: solid&nbsp;!important;}&#8221; el_id=&#8221;developper&#8221; visibility=&#8221;hidden-phone&#8221;][vc_column][vc_raw_html]JTVCTW9kYWwtV2luZG93JTIwaWQlM0QlMjIzMiUyMiU1RCUwQSU1Qk1vZGFsLVdpbmRvdyUyMGlkJTNEJTIyMzMlMjIlNUQlMEElNUJNb2RhbC1XaW5kb3clMjBpZCUzRCUyMjM0JTIyJTVEJTBBJTVCTW9kYWwtV2luZG93JTIwaWQlM0QlMjIzNSUyMiU1RA==[\/vc_raw_html][vc_column_text color=&#8221;#e1211d&#8221; css=&#8221;.vc_custom_1682845870395{margin-bottom: 25px&nbsp;!important;}&#8221; font_family=&#8221;Boogy&#8221; text_align=&#8221;center&#8221;]CREATE, DEVELOP, RESOLVE[\/vc_column_text][vc_row_inner][vc_column_inner width=&#8221;5\/12&#8243;][vc_column_text]\/ Coordinating the fundraising of high growth potential companies \/ Conducting the legal engineering for groups facing important development or&hellip;\" \/>\n<meta property=\"og:url\" content=\"https:\/\/azamdarley.com\/en\/develop\/\" \/>\n<meta property=\"og:site_name\" content=\"Azam Darley Avocats\" \/>\n<meta property=\"article:modified_time\" content=\"2023-05-08T19:09:00+00:00\" \/>\n<meta name=\"twitter:card\" content=\"summary_large_image\" \/>\n<meta name=\"twitter:label1\" content=\"Est. reading time\" \/>\n\t<meta name=\"twitter:data1\" content=\"3 minutes\" \/>\n<script type=\"application\/ld+json\" class=\"yoast-schema-graph\">{\"@context\":\"https:\/\/schema.org\",\"@graph\":[{\"@type\":\"WebPage\",\"@id\":\"https:\/\/azamdarley.com\/en\/develop\/\",\"url\":\"https:\/\/azamdarley.com\/en\/develop\/\",\"name\":\"Develop - Azam Darley Avocats\",\"isPartOf\":{\"@id\":\"https:\/\/azamdarley.com\/en\/#website\"},\"datePublished\":\"2023-04-30T09:23:45+00:00\",\"dateModified\":\"2023-05-08T19:09:00+00:00\",\"breadcrumb\":{\"@id\":\"https:\/\/azamdarley.com\/en\/develop\/#breadcrumb\"},\"inLanguage\":\"en-US\",\"potentialAction\":[{\"@type\":\"ReadAction\",\"target\":[\"https:\/\/azamdarley.com\/en\/develop\/\"]}]},{\"@type\":\"BreadcrumbList\",\"@id\":\"https:\/\/azamdarley.com\/en\/develop\/#breadcrumb\",\"itemListElement\":[{\"@type\":\"ListItem\",\"position\":1,\"name\":\"Accueil\",\"item\":\"https:\/\/azamdarley.com\/en\/\"},{\"@type\":\"ListItem\",\"position\":2,\"name\":\"Develop\"}]},{\"@type\":\"WebSite\",\"@id\":\"https:\/\/azamdarley.com\/en\/#website\",\"url\":\"https:\/\/azamdarley.com\/en\/\",\"name\":\"Azam Darley avocats - Paris\",\"description\":\"Gamme compl\u00e8te de services juridiques \u00e0 ses clients en France et \u00e0 l\u2019international.\",\"publisher\":{\"@id\":\"https:\/\/azamdarley.com\/en\/#organization\"},\"potentialAction\":[{\"@type\":\"SearchAction\",\"target\":{\"@type\":\"EntryPoint\",\"urlTemplate\":\"https:\/\/azamdarley.com\/en\/?s={search_term_string}\"},\"query-input\":{\"@type\":\"PropertyValueSpecification\",\"valueRequired\":true,\"valueName\":\"search_term_string\"}}],\"inLanguage\":\"en-US\"},{\"@type\":\"Organization\",\"@id\":\"https:\/\/azamdarley.com\/en\/#organization\",\"name\":\"Azam Darley avocats - Paris\",\"url\":\"https:\/\/azamdarley.com\/en\/\",\"logo\":{\"@type\":\"ImageObject\",\"inLanguage\":\"en-US\",\"@id\":\"https:\/\/azamdarley.com\/en\/#\/schema\/logo\/image\/\",\"url\":\"https:\/\/azamdarley.com\/wp-content\/uploads\/2023\/12\/logo.svg\",\"contentUrl\":\"https:\/\/azamdarley.com\/wp-content\/uploads\/2023\/12\/logo.svg\",\"width\":152,\"height\":100,\"caption\":\"Azam Darley avocats - Paris\"},\"image\":{\"@id\":\"https:\/\/azamdarley.com\/en\/#\/schema\/logo\/image\/\"}}]}<\/script>\n<!-- \/ Yoast SEO plugin. -->","yoast_head_json":{"title":"Develop - Azam Darley Avocats","robots":{"index":"index","follow":"follow","max-snippet":"max-snippet:-1","max-image-preview":"max-image-preview:large","max-video-preview":"max-video-preview:-1"},"canonical":"https:\/\/azamdarley.com\/en\/develop\/","og_locale":"en_US","og_type":"article","og_title":"Develop - Azam Darley Avocats","og_description":"[vc_row full_width=&#8221;stretch_row_content&#8221; css=&#8221;.vc_custom_1667402891411{margin-bottom: 0px&nbsp;!important;padding-top: 220px&nbsp;!important;padding-bottom: 200px&nbsp;!important;background-image: url(https:\/\/azamdarley.com\/wp-content\/uploads\/2022\/10\/avocat-paris-azam-darley.jpg?id=5762)&nbsp;!important;background-position: center&nbsp;!important;background-repeat: no-repeat&nbsp;!important;background-size: cover&nbsp;!important;}&#8221;][vc_column][\/vc_column][\/vc_row][vc_row full_width=&#8221;stretch_row&#8221; remove_bottom_col_margin=&#8221;true&#8221; bg_style=&#8221;stretch&#8221; css=&#8221;.vc_custom_1682711301885{border-top-width: 1px&nbsp;!important;border-bottom-width: 1px&nbsp;!important;padding-top: 60px&nbsp;!important;padding-bottom: 60px&nbsp;!important;background-image: url(https:\/\/azamdarley.com\/wp-content\/uploads\/2022\/09\/azam-darley-avocat-tri1b.png?id=4793)&nbsp;!important;background-position: center&nbsp;!important;background-repeat: no-repeat&nbsp;!important;background-size: contain&nbsp;!important;border-top-color: #ededed&nbsp;!important;border-top-style: solid&nbsp;!important;border-bottom-color: #ededed&nbsp;!important;border-bottom-style: solid&nbsp;!important;}&#8221; el_id=&#8221;developper&#8221; visibility=&#8221;hidden-phone&#8221;][vc_column][vc_raw_html]JTVCTW9kYWwtV2luZG93JTIwaWQlM0QlMjIzMiUyMiU1RCUwQSU1Qk1vZGFsLVdpbmRvdyUyMGlkJTNEJTIyMzMlMjIlNUQlMEElNUJNb2RhbC1XaW5kb3clMjBpZCUzRCUyMjM0JTIyJTVEJTBBJTVCTW9kYWwtV2luZG93JTIwaWQlM0QlMjIzNSUyMiU1RA==[\/vc_raw_html][vc_column_text color=&#8221;#e1211d&#8221; css=&#8221;.vc_custom_1682845870395{margin-bottom: 25px&nbsp;!important;}&#8221; font_family=&#8221;Boogy&#8221; text_align=&#8221;center&#8221;]CREATE, DEVELOP, RESOLVE[\/vc_column_text][vc_row_inner][vc_column_inner width=&#8221;5\/12&#8243;][vc_column_text]\/ Coordinating the fundraising of high growth potential companies \/ Conducting the legal engineering for groups facing important development or&hellip;","og_url":"https:\/\/azamdarley.com\/en\/develop\/","og_site_name":"Azam Darley Avocats","article_modified_time":"2023-05-08T19:09:00+00:00","twitter_card":"summary_large_image","twitter_misc":{"Est. reading time":"3 minutes"},"schema":{"@context":"https:\/\/schema.org","@graph":[{"@type":"WebPage","@id":"https:\/\/azamdarley.com\/en\/develop\/","url":"https:\/\/azamdarley.com\/en\/develop\/","name":"Develop - Azam Darley Avocats","isPartOf":{"@id":"https:\/\/azamdarley.com\/en\/#website"},"datePublished":"2023-04-30T09:23:45+00:00","dateModified":"2023-05-08T19:09:00+00:00","breadcrumb":{"@id":"https:\/\/azamdarley.com\/en\/develop\/#breadcrumb"},"inLanguage":"en-US","potentialAction":[{"@type":"ReadAction","target":["https:\/\/azamdarley.com\/en\/develop\/"]}]},{"@type":"BreadcrumbList","@id":"https:\/\/azamdarley.com\/en\/develop\/#breadcrumb","itemListElement":[{"@type":"ListItem","position":1,"name":"Accueil","item":"https:\/\/azamdarley.com\/en\/"},{"@type":"ListItem","position":2,"name":"Develop"}]},{"@type":"WebSite","@id":"https:\/\/azamdarley.com\/en\/#website","url":"https:\/\/azamdarley.com\/en\/","name":"Azam Darley avocats - Paris","description":"Gamme compl\u00e8te de services juridiques \u00e0 ses clients en France et \u00e0 l\u2019international.","publisher":{"@id":"https:\/\/azamdarley.com\/en\/#organization"},"potentialAction":[{"@type":"SearchAction","target":{"@type":"EntryPoint","urlTemplate":"https:\/\/azamdarley.com\/en\/?s={search_term_string}"},"query-input":{"@type":"PropertyValueSpecification","valueRequired":true,"valueName":"search_term_string"}}],"inLanguage":"en-US"},{"@type":"Organization","@id":"https:\/\/azamdarley.com\/en\/#organization","name":"Azam Darley avocats - Paris","url":"https:\/\/azamdarley.com\/en\/","logo":{"@type":"ImageObject","inLanguage":"en-US","@id":"https:\/\/azamdarley.com\/en\/#\/schema\/logo\/image\/","url":"https:\/\/azamdarley.com\/wp-content\/uploads\/2023\/12\/logo.svg","contentUrl":"https:\/\/azamdarley.com\/wp-content\/uploads\/2023\/12\/logo.svg","width":152,"height":100,"caption":"Azam Darley avocats - Paris"},"image":{"@id":"https:\/\/azamdarley.com\/en\/#\/schema\/logo\/image\/"}}]}},"_links":{"self":[{"href":"https:\/\/azamdarley.com\/en\/wp-json\/wp\/v2\/pages\/6510","targetHints":{"allow":["GET"]}}],"collection":[{"href":"https:\/\/azamdarley.com\/en\/wp-json\/wp\/v2\/pages"}],"about":[{"href":"https:\/\/azamdarley.com\/en\/wp-json\/wp\/v2\/types\/page"}],"author":[{"embeddable":true,"href":"https:\/\/azamdarley.com\/en\/wp-json\/wp\/v2\/users\/1"}],"replies":[{"embeddable":true,"href":"https:\/\/azamdarley.com\/en\/wp-json\/wp\/v2\/comments?post=6510"}],"version-history":[{"count":3,"href":"https:\/\/azamdarley.com\/en\/wp-json\/wp\/v2\/pages\/6510\/revisions"}],"predecessor-version":[{"id":6725,"href":"https:\/\/azamdarley.com\/en\/wp-json\/wp\/v2\/pages\/6510\/revisions\/6725"}],"wp:attachment":[{"href":"https:\/\/azamdarley.com\/en\/wp-json\/wp\/v2\/media?parent=6510"}],"curies":[{"name":"wp","href":"https:\/\/api.w.org\/{rel}","templated":true}]}}